{"id":2006,"date":"2023-11-29T17:12:06","date_gmt":"2023-11-29T17:12:06","guid":{"rendered":"https:\/\/museosdealicante.com\/?page_id=2006"},"modified":"2023-11-30T07:12:09","modified_gmt":"2023-11-30T07:12:09","slug":"sede-universitaria-ciudad-de-alicante","status":"publish","type":"page","link":"https:\/\/museosdealicante.com\/va\/sede-universitaria-ciudad-de-alicante\/","title":{"rendered":"Sede Universitaria Ciudad de alicante"},"content":{"rendered":"<div data-vc-full-width=\"true\" data-vc-full-width-init=\"false\" data-vc-stretch-content=\"true\" data-vc-parallax=\"1.5\" data-vc-parallax-image=\"https:\/\/museosdealicante.com\/wp-content\/uploads\/2023\/11\/sede-universitaria-gen-slider-clasic.jpg\" class=\"vc_row wpb_row vc_row-fluid wpb_animate_when_almost_visible wpb_fadeIn fadeIn vc_custom_1701277991610 vc_row-has-fill vc_row-no-padding vc_row-o-equal-height vc_row-o-content-middle vc_row-flex vc_general vc_parallax vc_parallax-content-moving\"><div class=\"wpb_column vc_column_container vc_col-sm-12\"><div class=\"vc_column-inner vc_custom_1651153838978\"><div class=\"wpb_wrapper\">\n\t<div  class=\"wpb_single_image wpb_content_element vc_align_left  vc_custom_1651154244889\">\n\t\t\n\t\t<figure class=\"wpb_wrapper vc_figure\">\n\t\t\t<div class=\"vc_single_image-wrapper   vc_box_border_grey\"><img loading=\"lazy\" decoding=\"async\" width=\"658\" height=\"141\" src=\"https:\/\/museosdealicante.com\/wp-content\/uploads\/2022\/04\/ic-musea-slider-tr.png\" class=\"vc_single_image-img attachment-full\" alt=\"\" title=\"ic-musea-slider-tr\" srcset=\"https:\/\/museosdealicante.com\/wp-content\/uploads\/2022\/04\/ic-musea-slider-tr.png 658w, https:\/\/museosdealicante.com\/wp-content\/uploads\/2022\/04\/ic-musea-slider-tr-300x64.png 300w, https:\/\/museosdealicante.com\/wp-content\/uploads\/2022\/04\/ic-musea-slider-tr-260x56.png 260w, https:\/\/museosdealicante.com\/wp-content\/uploads\/2022\/04\/ic-musea-slider-tr-50x11.png 50w, https:\/\/museosdealicante.com\/wp-content\/uploads\/2022\/04\/ic-musea-slider-tr-150x32.png 150w\" sizes=\"auto, (max-width:767px) 480px, 658px\" \/><\/div>\n\t\t<\/figure>\n\t<\/div>\n<\/div><\/div><\/div><\/div><div class=\"vc_row-full-width vc_clearfix\"><\/div><div class=\"vc_row wpb_row vc_row-fluid\"><div class=\"wpb_column vc_column_container vc_col-sm-8\"><div class=\"vc_column-inner\"><div class=\"wpb_wrapper\">\n\t<div class=\"wpb_text_column wpb_content_element\" >\n\t\t<div class=\"wpb_wrapper\">\n\t\t\t<h1><span style=\"font-weight: 400;\">SEDE UNIVERSITARIA<br \/>\nCIUDAD DE ALICANTE<\/span><\/h1>\n<section data-type=\"component-tiny-text-ua\">La Sede Universitaria de Alicante es un edificio que se ha transformado para adaptarse a nuevas necesidades, pero conservando sus elementos estructurales b\u00e1sicos, por lo que \u00a0puede considerarse hoy en d\u00eda un lugar emblem\u00e1tico, debido a su antig\u00fcedad, ubicaci\u00f3n e imbricaci\u00f3n con la historia urbana del devenir de Alicante.LA SEDE CIUDAD DE ALICANTE: UNA CASA DE PALABRAS, GESTOS E IM\u00c1GENES EN LA SOCIEDAD DEL CONOCIMIENTOSEDE INSTITUCIONAL DE LA UNIVERSIDAD DE ALICANTE.El domicilio oficial de la UA est\u00e1 en este edificio, que se utiliza frecuentemente para actos institucionales, reuniones, presentaciones p\u00fablicas de proyectos universitarios, recepciones oficiales, etc.<\/section>\n<section data-type=\"component-photo-ua\">\n<div class=\"photo-panel\"><img decoding=\"async\" class=\"img-fluid\" src=\"https:\/\/web.ua.es\/es\/sedealicante\/imagenes\/sede\/fachada-de-la-sede-en-la-actualidad.jpg\" alt=\"Fachada de la Sede en la actualidad\" \/><\/div>\n<\/section>\n<section data-type=\"component-tiny-text-ua\"><\/section>\n<section data-type=\"component-tiny-text-ua\">CENTRO DE CONGRESOSEn la Sede Ciudad de Alicante se celebran numerosos Congresos, Jornadas, Coloquios, etc. organizados por los diversos Centros de la UA y por otras instituciones o asociaciones. La Sede colabora activamente con estos eventos a trav\u00e9s de sus medios t\u00e9cnicos, servicios de prensa y apoyo de personal especializado.CENTRO CULTURAL Y DE EXTENSI\u00d3N UNIVERSITARIALa Sede Ciudad de Alicante promueve cada curso acad\u00e9mico una amplia propuesta de actividades culturales, c\u00edvicas y de debate, gran parte de ellas a propuesta de los Observatorios de diversa \u00edndole que funcionan en su seno. La actividad de la Sede incluye ciclos de conferencias, ciclos de m\u00fasica, cine-club, encuentros literarios o de arte contempor\u00e1neo, exposiciones, encuentros sobre cuestiones de actualidad, etc. Se celebran conmemoraciones especiales como el D\u00eda de la Constituci\u00f3n, el aniversario de la muerte de Miguel Hern\u00e1ndez y Premio Maisonnave.CENTRO DE FORMACI\u00d3N<\/p>\n<p>&nbsp;<\/p>\n<p>En la Sede Ciudad de Alicante se desarrollan Cursos sobre diversas materias impartidos por profesorado de la UA y por otros especialistas. Acoge una gran parte de las actividades de la Universidad Permanente, con amplia participaci\u00f3n de personas mayores. Igualmente se imparten algunos de los Cursos de Verano de la Universidad \u00abRafael Altamira\u00bb y Cursos de Idiomas para extranjeros.<\/p>\n<p>&nbsp;<\/p>\n<p>UN CENTRO ABIERTO A LA SOCIEDAD<\/p>\n<p>&nbsp;<\/p>\n<p>La Sede Ciudad de Alicante abre continuamente sus puertas a todo tipo de asociaciones, ONGs, sindicatos o plataformas para la realizaci\u00f3n de sus actividades o reuniones.<\/p>\n<p>&nbsp;<\/p>\n<p>LA SEDE FUERA DE LA SEDE<\/p>\n<p>&nbsp;<\/p>\n<p>La Sede Ciudad de Alicante organiza acciones culturales fuera de su edificio en colaboraci\u00f3n con otras entidades, como el Club Informaci\u00f3n, Casa del Mediterr\u00e1neo, C\u00e1mara de Comercio, Fundaci\u00f3n Manuel Pel\u00e1ez, Ayuntamiento de Alicante, Diputaci\u00f3n de Alicante, Asociaci\u00f3n de Libreros de Alicante y Consejo de Juventud entre otros.<\/p>\n<p align=\"center\">NORMAS DE ASISTENCIA Y USO<\/p>\n<p>&nbsp;<\/p>\n<p>Habitualmente la asistencia y matr\u00edcula a las actividades de la Sede Ciudad de Alicante es gratuita y libre hasta que se cubre el aforo de la Sala o Aula en la que se realice la actividad. Ocasionalmente algunos de los cursos pueden estar sujetos a una cuota de inscripci\u00f3n y\/o a algunos requisitos profesionales o de titulaci\u00f3n previa. Los Congresos est\u00e1n sujetos a la normativa de inscripci\u00f3n y matr\u00edcula que fijen los organizadores.<\/p>\n<p>&nbsp;<\/p>\n<p>La Sede Ciudad de Alicante tiene una programaci\u00f3n estable cada curso acad\u00e9mico, a la que ocasionalmente se a\u00f1aden otros ciclos, jornadas y actos. En los momentos de no utilizaci\u00f3n por parte de la Sede, sus instalaciones se prestan a los solicitantes, teniendo prioridad las peticiones que provienen de la UA. El resto, que deben dirigirse a la Direcci\u00f3n Acad\u00e9mica de la Sede, se atender\u00e1n por riguroso orden de petici\u00f3n. La UA se reserva la posibilidad de cobrar por la utilizaci\u00f3n de las instalaciones o material t\u00e9cnico, aunque lo habitual es la cesi\u00f3n gratuita a aquellas entidades sin \u00e1nimo de lucro o que no cobren por la asistencia a los actos que desarrollen en la Sede.<\/p>\n<p>&nbsp;<\/p>\n<p>INFORMACI\u00d3N PERSONALIZADA DE LAS ACTIVIDADES<\/p>\n<p>&nbsp;<\/p>\n<p>Adem\u00e1s de los mecanismos habituales de informaci\u00f3n de las actividades de la Sede Ciudad de Alicante en los medios de comunicaci\u00f3n o en diversos impresos, usted puede encontrarla m\u00e1s detalladamente en esta p\u00e1gina web. Si lo desea, puede recibir un bolet\u00edn personalizado con el resumen de las actividades semanales programadas, solicit\u00e1ndolo a trav\u00e9s del\u00a0<a title=\"Suscripci\u00f3n bolet\u00edn semanal de la Sede\" href=\"https:\/\/web.ua.es\/es\/sedealicante\/formularios\/suscripcion-boletin-semanal-de-la-sede.html\">formulario<\/a>.<\/p>\n<\/section>\n\n\t\t<\/div>\n\t<\/div>\n<div class=\"vc_btn3-container vc_btn3-inline\" ><a class=\"vc_general vc_btn3 vc_btn3-size-md vc_btn3-shape-rounded vc_btn3-style-modern vc_btn3-color-blue\" href=\"https:\/\/www.aguasdealicante.es\/el-museo-de-aguas-de-alicante\" title=\"\" target=\"_blank\">ACCEDEIX A LA WEB DEL MUSEU<\/a><\/div><\/div><\/div><\/div><div class=\"wpb_column vc_column_container vc_col-sm-4 vc_col-has-fill\"><div class=\"vc_column-inner vc_custom_1651044019480\"><div class=\"wpb_wrapper\"><div class=\"vc_empty_space\"   style=\"height: 32px\"><span class=\"vc_empty_space_inner\"><\/span><\/div>\n\t<div  class=\"wpb_single_image wpb_content_element vc_align_center  vc_custom_1701328187419\">\n\t\t\n\t\t<figure class=\"wpb_wrapper vc_figure\">\n\t\t\t<div class=\"vc_single_image-wrapper   vc_box_border_grey\"><img loading=\"lazy\" decoding=\"async\" width=\"300\" height=\"300\" src=\"https:\/\/museosdealicante.com\/wp-content\/uploads\/2023\/11\/sede-u-1.png\" class=\"vc_single_image-img attachment-full\" alt=\"\" title=\"sede-u+\" srcset=\"https:\/\/museosdealicante.com\/wp-content\/uploads\/2023\/11\/sede-u-1.png 300w, https:\/\/museosdealicante.com\/wp-content\/uploads\/2023\/11\/sede-u-1-150x150.png 150w, https:\/\/museosdealicante.com\/wp-content\/uploads\/2023\/11\/sede-u-1-12x12.png 12w, https:\/\/museosdealicante.com\/wp-content\/uploads\/2023\/11\/sede-u-1-75x75.png 75w\" sizes=\"auto, (max-width:767px) 300px, 300px\" \/><\/div>\n\t\t<\/figure>\n\t<\/div>\n<div class=\"vc_separator wpb_content_element vc_separator_align_center vc_sep_width_100 vc_sep_pos_align_center vc_separator_no_text vc_sep_color_grey\" ><span class=\"vc_sep_holder vc_sep_holder_l\"><span  class=\"vc_sep_line\"><\/span><\/span><span class=\"vc_sep_holder vc_sep_holder_r\"><span  class=\"vc_sep_line\"><\/span><\/span>\n<\/div><div class=\"vc_tta-container\" data-vc-action=\"collapseAll\"><div class=\"vc_general vc_tta vc_tta-accordion vc_tta-color-grey vc_tta-style-modern vc_tta-shape-rounded vc_tta-spacing-1 vc_tta-controls-align-left vc_tta-o-all-clickable\"><div class=\"vc_tta-panels-container\"><div class=\"vc_tta-panels\"><div class=\"vc_tta-panel\" id=\"1645812543536-c9468f26-2cd4\" data-vc-content=\".vc_tta-panel-body\"><div class=\"vc_tta-panel-heading\"><h4 class=\"vc_tta-panel-title vc_tta-controls-icon-position-left\"><a href=\"#1645812543536-c9468f26-2cd4\" data-vc-accordion data-vc-container=\".vc_tta-container\"><span class=\"vc_tta-title-text\">Localitzaci\u00f3<\/span><i class=\"vc_tta-controls-icon vc_tta-controls-icon-triangle\"><\/i><\/a><\/h4><\/div><div class=\"vc_tta-panel-body\">\n\t<div class=\"wpb_text_column wpb_content_element\" >\n\t\t<div class=\"wpb_wrapper\">\n\t\t\t<p><iframe loading=\"lazy\" style=\"border: 0;\" src=\"https:\/\/www.google.com\/maps\/embed?pb=!1m18!1m12!1m3!1d3129.321021335319!2d-0.4918538117735249!3d38.34155129926046!2m3!1f0!2f0!3f0!3m2!1i1024!2i768!4f13.1!3m3!1m2!1s0xd6237b4a22a9f0b%3A0x7c521b9c69bbda5b!2sAv.%20de%20Ram%C3%B3n%20y%20Cajal%2C%204%2C%2003001%20Alicante%20(Alacant)%2C%20Alicante!5e0!3m2!1ses!2ses!4v1701327353192!5m2!1ses!2ses\" width=\"600\" height=\"450\" allowfullscreen=\"allowfullscreen\"><\/iframe><\/p>\n<p>Av. Ram\u00f3n y Cajal, 4, Alicante<\/p>\n<p>&#8230;&#8230;&#8230;&#8230;&#8230;&#8230;&#8230;&#8230;&#8230;&#8230;<\/p>\n<p><iframe loading=\"lazy\" style=\"border: 0;\" src=\"https:\/\/www.google.com\/maps\/embed?pb=!1m18!1m12!1m3!1d3129.2571183470245!2d-0.4883165236387396!3d38.343030571847784!2m3!1f0!2f0!3f0!3m2!1i1024!2i768!4f13.1!3m3!1m2!1s0xd6237b37500fbfd%3A0x7a1acac93c6596fd!2sC.%20San%20Fernando%2C%2040%2C%2003001%20Alicante%20(Alacant)%2C%20Alicante!5e0!3m2!1ses!2ses!4v1701327514058!5m2!1ses!2ses\" width=\"600\" height=\"450\" allowfullscreen=\"allowfullscreen\"><\/iframe><\/p>\n<p>C\/ San Fernando, 40<\/p>\n<p>&#8230;&#8230;&#8230;&#8230;&#8230;&#8230;&#8230;..<\/p>\n\n\t\t<\/div>\n\t<\/div>\n<\/div><\/div><div class=\"vc_tta-panel\" id=\"1645812685229-285f0fea-1870\" data-vc-content=\".vc_tta-panel-body\"><div class=\"vc_tta-panel-heading\"><h4 class=\"vc_tta-panel-title vc_tta-controls-icon-position-left\"><a href=\"#1645812685229-285f0fea-1870\" data-vc-accordion data-vc-container=\".vc_tta-container\"><span class=\"vc_tta-title-text\">Horari<\/span><i class=\"vc_tta-controls-icon vc_tta-controls-icon-triangle\"><\/i><\/a><\/h4><\/div><div class=\"vc_tta-panel-body\">\n\t<div class=\"wpb_text_column wpb_content_element\" >\n\t\t<div class=\"wpb_wrapper\">\n\t\t\t<table class=\"tipo1 force-table-bordered table-sm tablasinbordes\" border=\"0\" summary=\"horario\">\n<tbody>\n<tr class=\"titulo\">\n<td><strong>Horari<br \/>\n<\/strong><\/td>\n<\/tr>\n<\/tbody>\n<\/table>\n<p><strong>Horario de apertura de la Sede Ciudad de Alicante:<br \/>\n<\/strong><\/p>\n<ul>\n<li>Lunes a viernes, de 8:00 a 21:30 h.<\/li>\n<li>Permanecer\u00e1 cerrada los d\u00edas festivos aprobados en el calendario laboral.<\/li>\n<li>Horarios en periodos vacacionales y s\u00e1bados: Consultar programaci\u00f3n<\/li>\n<\/ul>\n<p><strong>Horario de la Secretar\u00eda:<br \/>\n<\/strong><\/p>\n<ul>\n<li>Lunes a viernes, de 9:00 a 14:00 h. y de 16:00 a 20:00 h.<\/li>\n<\/ul>\n<table class=\"tipo1 force-table-bordered table-sm tablasinbordes\" border=\"0\" summary=\"horario\">\n<tbody>\n<tr class=\"titulo\">\n<td><strong>HORARIO DE LA SALA DE ESTUDIO DE LA C\/ SAN FERNANDO, 40<br \/>\n<\/strong><\/td>\n<\/tr>\n<\/tbody>\n<\/table>\n<ul>\n<li>Lunes a viernes, de 8:00 a 21:30 h.<\/li>\n<li>M\u00e1s informaci\u00f3n: 965 90 98 90, seu.alacant@ua.es<\/li>\n<\/ul>\n<p><strong>Horario extraordinario del 22 de mayo al 11 de julio de 2023<\/strong><\/p>\n<ul>\n<li>Lunes a domingo, de 7:00 a 22:00 h (excepto 22, 23, 24 y 25 de junio que permanecer\u00e1 cerrada)<\/li>\n<\/ul>\n<p><strong><br \/>\nHorario durante el mes de agosto:<\/strong><\/p>\n<ul>\n<li>Lunes a viernes, de 8:00 a 21:00 h.<\/li>\n<\/ul>\n\n\t\t<\/div>\n\t<\/div>\n<\/div><\/div><div class=\"vc_tta-panel\" id=\"1645812543544-6c89ffee-eb30\" data-vc-content=\".vc_tta-panel-body\"><div class=\"vc_tta-panel-heading\"><h4 class=\"vc_tta-panel-title vc_tta-controls-icon-position-left\"><a href=\"#1645812543544-6c89ffee-eb30\" data-vc-accordion data-vc-container=\".vc_tta-container\"><span class=\"vc_tta-title-text\">Contacte<\/span><i class=\"vc_tta-controls-icon vc_tta-controls-icon-triangle\"><\/i><\/a><\/h4><\/div><div class=\"vc_tta-panel-body\">\n\t<div class=\"wpb_text_column wpb_content_element\" >\n\t\t<div class=\"wpb_wrapper\">\n\t\t\t<p><strong>Tel. (Ram\u00f3n y Cajal):<\/strong>\u00a0965 14 53 33 \/ 965 14 59 52<\/p>\n<p><strong>Tel. (San Fernando):<\/strong>\u00a0965 90 98 90<\/p>\n<p><strong>Fax<\/strong>: 965 14 59 58<\/p>\n<p><a href=\"mailto:seu.alacant@ua.es\">seu.alacant@ua.es<\/a><\/p>\n<p><a href=\"https:\/\/web.ua.es\/es\/sedealicante\/\">http:\/\/web.ua.es\/es\/sedealicante\/<\/a><\/p>\n<p><strong>Reserva de espacios:<\/strong>\u00a0<a href=\"mailto:reservas.scda@ua.es\">reservas.scda@ua.es<\/a><\/p>\n\n\t\t<\/div>\n\t<\/div>\n<\/div><\/div><\/div><\/div><\/div><\/div><\/div><\/div><\/div><\/div>","protected":false},"excerpt":{"rendered":"SEDE UNIVERSITARIA CIUDAD DE ALICANTE La Sede Universitaria de Alicante es un edificio que se ha transformado para adaptarse a nuevas necesidades, pero conservando sus elementos estructurales b\u00e1sicos, por<span class=\"excerpt-hellip\"> [\u2026]<\/span>","protected":false},"author":1,"featured_media":0,"parent":0,"menu_order":0,"comment_status":"closed","ping_status":"closed","template":"","meta":{"_price":"","_stock":"","_tribe_ticket_header":"","_tribe_default_ticket_provider":"","_tribe_ticket_capacity":"0","_ticket_start_date":"","_ticket_end_date":"","_tribe_ticket_show_description":"","_tribe_ticket_show_not_going":false,"_tribe_ticket_use_global_stock":"","_tribe_ticket_global_stock_level":"","_global_stock_mode":"","_global_stock_cap":"","_tribe_rsvp_for_event":"","_tribe_ticket_going_count":"","_tribe_ticket_not_going_count":"","_tribe_tickets_list":"[]","_tribe_ticket_has_attendee_info_fields":false,"footnotes":"","_tec_slr_enabled":"","_tec_slr_layout":""},"class_list":["post-2006","page","type-page","status-publish","hentry"],"yoast_head":"<!-- This site is optimized with the Yoast SEO plugin v27.3 - https:\/\/yoast.com\/product\/yoast-seo-wordpress\/ -->\n<title>Sede Universitaria Ciudad de alicante - MUSEA | Museos de Alicante<\/title>\n<meta name=\"robots\" content=\"index, follow, max-snippet:-1, max-image-preview:large, max-video-preview:-1\" \/>\n<link rel=\"canonical\" href=\"https:\/\/museosdealicante.com\/va\/sede-universitaria-ciudad-de-alicante\/\" \/>\n<meta property=\"og:locale\" content=\"ca_ES\" \/>\n<meta property=\"og:type\" content=\"article\" \/>\n<meta property=\"og:title\" content=\"Sede Universitaria Ciudad de alicante - MUSEA | Museos de Alicante\" \/>\n<meta property=\"og:url\" content=\"https:\/\/museosdealicante.com\/va\/sede-universitaria-ciudad-de-alicante\/\" \/>\n<meta property=\"og:site_name\" content=\"MUSEA | Museos de Alicante\" \/>\n<meta property=\"article:modified_time\" content=\"2023-11-30T07:12:09+00:00\" \/>\n<meta property=\"og:image\" content=\"https:\/\/web.ua.es\/es\/sedealicante\/imagenes\/sede\/fachada-de-la-sede-en-la-actualidad.jpg\" \/>\n<meta name=\"twitter:card\" content=\"summary_large_image\" \/>\n<meta name=\"twitter:label1\" content=\"Temps estimat de lectura\" \/>\n\t<meta name=\"twitter:data1\" content=\"5 minuts\" \/>\n<script type=\"application\/ld+json\" class=\"yoast-schema-graph\">{\"@context\":\"https:\\\/\\\/schema.org\",\"@graph\":[{\"@type\":\"WebPage\",\"@id\":\"https:\\\/\\\/museosdealicante.com\\\/sede-universitaria-ciudad-de-alicante\\\/\",\"url\":\"https:\\\/\\\/museosdealicante.com\\\/sede-universitaria-ciudad-de-alicante\\\/\",\"name\":\"Sede Universitaria Ciudad de alicante - MUSEA | Museos de Alicante\",\"isPartOf\":{\"@id\":\"https:\\\/\\\/museosdealicante.com\\\/#website\"},\"primaryImageOfPage\":{\"@id\":\"https:\\\/\\\/museosdealicante.com\\\/sede-universitaria-ciudad-de-alicante\\\/#primaryimage\"},\"image\":{\"@id\":\"https:\\\/\\\/museosdealicante.com\\\/sede-universitaria-ciudad-de-alicante\\\/#primaryimage\"},\"thumbnailUrl\":\"https:\\\/\\\/web.ua.es\\\/es\\\/sedealicante\\\/imagenes\\\/sede\\\/fachada-de-la-sede-en-la-actualidad.jpg\",\"datePublished\":\"2023-11-29T17:12:06+00:00\",\"dateModified\":\"2023-11-30T07:12:09+00:00\",\"breadcrumb\":{\"@id\":\"https:\\\/\\\/museosdealicante.com\\\/sede-universitaria-ciudad-de-alicante\\\/#breadcrumb\"},\"inLanguage\":\"ca\",\"potentialAction\":[{\"@type\":\"ReadAction\",\"target\":[\"https:\\\/\\\/museosdealicante.com\\\/sede-universitaria-ciudad-de-alicante\\\/\"]}]},{\"@type\":\"ImageObject\",\"inLanguage\":\"ca\",\"@id\":\"https:\\\/\\\/museosdealicante.com\\\/sede-universitaria-ciudad-de-alicante\\\/#primaryimage\",\"url\":\"https:\\\/\\\/web.ua.es\\\/es\\\/sedealicante\\\/imagenes\\\/sede\\\/fachada-de-la-sede-en-la-actualidad.jpg\",\"contentUrl\":\"https:\\\/\\\/web.ua.es\\\/es\\\/sedealicante\\\/imagenes\\\/sede\\\/fachada-de-la-sede-en-la-actualidad.jpg\"},{\"@type\":\"BreadcrumbList\",\"@id\":\"https:\\\/\\\/museosdealicante.com\\\/sede-universitaria-ciudad-de-alicante\\\/#breadcrumb\",\"itemListElement\":[{\"@type\":\"ListItem\",\"position\":1,\"name\":\"Portada\",\"item\":\"https:\\\/\\\/museosdealicante.com\\\/\"},{\"@type\":\"ListItem\",\"position\":2,\"name\":\"Sede Universitaria Ciudad de alicante\"}]},{\"@type\":\"WebSite\",\"@id\":\"https:\\\/\\\/museosdealicante.com\\\/#website\",\"url\":\"https:\\\/\\\/museosdealicante.com\\\/\",\"name\":\"MUSEA | Museos de Alicante\",\"description\":\"Toda la oferta sobre arte, cultura y patrimonio de la ciudad, toda la actualidad de los museos de Alicante\",\"potentialAction\":[{\"@type\":\"SearchAction\",\"target\":{\"@type\":\"EntryPoint\",\"urlTemplate\":\"https:\\\/\\\/museosdealicante.com\\\/?s={search_term_string}\"},\"query-input\":{\"@type\":\"PropertyValueSpecification\",\"valueRequired\":true,\"valueName\":\"search_term_string\"}}],\"inLanguage\":\"ca\"}]}<\/script>\n<!-- \/ Yoast SEO plugin. -->","yoast_head_json":{"title":"Sede Universitaria Ciudad de alicante - MUSEA | Museos de Alicante","robots":{"index":"index","follow":"follow","max-snippet":"max-snippet:-1","max-image-preview":"max-image-preview:large","max-video-preview":"max-video-preview:-1"},"canonical":"https:\/\/museosdealicante.com\/va\/sede-universitaria-ciudad-de-alicante\/","og_locale":"ca_ES","og_type":"article","og_title":"Sede Universitaria Ciudad de alicante - MUSEA | Museos de Alicante","og_url":"https:\/\/museosdealicante.com\/va\/sede-universitaria-ciudad-de-alicante\/","og_site_name":"MUSEA | Museos de Alicante","article_modified_time":"2023-11-30T07:12:09+00:00","og_image":[{"url":"https:\/\/web.ua.es\/es\/sedealicante\/imagenes\/sede\/fachada-de-la-sede-en-la-actualidad.jpg","type":"","width":"","height":""}],"twitter_card":"summary_large_image","twitter_misc":{"Temps estimat de lectura":"5 minuts"},"schema":{"@context":"https:\/\/schema.org","@graph":[{"@type":"WebPage","@id":"https:\/\/museosdealicante.com\/sede-universitaria-ciudad-de-alicante\/","url":"https:\/\/museosdealicante.com\/sede-universitaria-ciudad-de-alicante\/","name":"Sede Universitaria Ciudad de alicante - MUSEA | Museos de Alicante","isPartOf":{"@id":"https:\/\/museosdealicante.com\/#website"},"primaryImageOfPage":{"@id":"https:\/\/museosdealicante.com\/sede-universitaria-ciudad-de-alicante\/#primaryimage"},"image":{"@id":"https:\/\/museosdealicante.com\/sede-universitaria-ciudad-de-alicante\/#primaryimage"},"thumbnailUrl":"https:\/\/web.ua.es\/es\/sedealicante\/imagenes\/sede\/fachada-de-la-sede-en-la-actualidad.jpg","datePublished":"2023-11-29T17:12:06+00:00","dateModified":"2023-11-30T07:12:09+00:00","breadcrumb":{"@id":"https:\/\/museosdealicante.com\/sede-universitaria-ciudad-de-alicante\/#breadcrumb"},"inLanguage":"ca","potentialAction":[{"@type":"ReadAction","target":["https:\/\/museosdealicante.com\/sede-universitaria-ciudad-de-alicante\/"]}]},{"@type":"ImageObject","inLanguage":"ca","@id":"https:\/\/museosdealicante.com\/sede-universitaria-ciudad-de-alicante\/#primaryimage","url":"https:\/\/web.ua.es\/es\/sedealicante\/imagenes\/sede\/fachada-de-la-sede-en-la-actualidad.jpg","contentUrl":"https:\/\/web.ua.es\/es\/sedealicante\/imagenes\/sede\/fachada-de-la-sede-en-la-actualidad.jpg"},{"@type":"BreadcrumbList","@id":"https:\/\/museosdealicante.com\/sede-universitaria-ciudad-de-alicante\/#breadcrumb","itemListElement":[{"@type":"ListItem","position":1,"name":"Portada","item":"https:\/\/museosdealicante.com\/"},{"@type":"ListItem","position":2,"name":"Sede Universitaria Ciudad de alicante"}]},{"@type":"WebSite","@id":"https:\/\/museosdealicante.com\/#website","url":"https:\/\/museosdealicante.com\/","name":"MUSEA | Museos de Alicante","description":"Toda la oferta sobre arte, cultura y patrimonio de la ciudad, toda la actualidad de los museos de Alicante","potentialAction":[{"@type":"SearchAction","target":{"@type":"EntryPoint","urlTemplate":"https:\/\/museosdealicante.com\/?s={search_term_string}"},"query-input":{"@type":"PropertyValueSpecification","valueRequired":true,"valueName":"search_term_string"}}],"inLanguage":"ca"}]}},"ticketed":false,"_links":{"self":[{"href":"https:\/\/museosdealicante.com\/va\/wp-json\/wp\/v2\/pages\/2006","targetHints":{"allow":["GET"]}}],"collection":[{"href":"https:\/\/museosdealicante.com\/va\/wp-json\/wp\/v2\/pages"}],"about":[{"href":"https:\/\/museosdealicante.com\/va\/wp-json\/wp\/v2\/types\/page"}],"author":[{"embeddable":true,"href":"https:\/\/museosdealicante.com\/va\/wp-json\/wp\/v2\/users\/1"}],"replies":[{"embeddable":true,"href":"https:\/\/museosdealicante.com\/va\/wp-json\/wp\/v2\/comments?post=2006"}],"version-history":[{"count":9,"href":"https:\/\/museosdealicante.com\/va\/wp-json\/wp\/v2\/pages\/2006\/revisions"}],"predecessor-version":[{"id":2019,"href":"https:\/\/museosdealicante.com\/va\/wp-json\/wp\/v2\/pages\/2006\/revisions\/2019"}],"wp:attachment":[{"href":"https:\/\/museosdealicante.com\/va\/wp-json\/wp\/v2\/media?parent=2006"}],"curies":[{"name":"wp","href":"https:\/\/api.w.org\/{rel}","templated":true}]}}