{"id":208,"date":"2022-04-26T14:39:35","date_gmt":"2022-04-26T14:39:35","guid":{"rendered":"http:\/\/mda.marq.qwair.com\/?page_id=208"},"modified":"2022-04-26T15:02:33","modified_gmt":"2022-04-26T15:02:33","slug":"museo-aguas-de-alicante","status":"publish","type":"page","link":"https:\/\/museosdealicante.com\/va\/museo-aguas-de-alicante\/","title":{"rendered":"MUSEO AGUAS DE ALICANTE"},"content":{"rendered":"<div class=\"vc_row wpb_row vc_row-fluid\"><div class=\"wpb_column vc_column_container vc_col-sm-12\"><div class=\"vc_column-inner\"><div class=\"wpb_wrapper\">\n\t<div  class=\"wpb_single_image wpb_content_element vc_align_left\">\n\t\t<h2 class=\"wpb_heading wpb_singleimage_heading\">MUA<\/h2>\n\t\t<figure class=\"wpb_wrapper vc_figure\">\n\t\t\t<div class=\"vc_single_image-wrapper   vc_box_border_grey\"><img loading=\"lazy\" decoding=\"async\" width=\"1920\" height=\"750\" src=\"https:\/\/museosdealicante.com\/wp-content\/uploads\/2022\/04\/aguas-museos-de-alicante.jpg\" class=\"vc_single_image-img attachment-full\" alt=\"\" title=\"aguas-museos-de-alicante\" srcset=\"https:\/\/museosdealicante.com\/wp-content\/uploads\/2022\/04\/aguas-museos-de-alicante.jpg 1920w, https:\/\/museosdealicante.com\/wp-content\/uploads\/2022\/04\/aguas-museos-de-alicante-300x117.jpg 300w, https:\/\/museosdealicante.com\/wp-content\/uploads\/2022\/04\/aguas-museos-de-alicante-1024x400.jpg 1024w, https:\/\/museosdealicante.com\/wp-content\/uploads\/2022\/04\/aguas-museos-de-alicante-768x300.jpg 768w, https:\/\/museosdealicante.com\/wp-content\/uploads\/2022\/04\/aguas-museos-de-alicante-1536x600.jpg 1536w, https:\/\/museosdealicante.com\/wp-content\/uploads\/2022\/04\/aguas-museos-de-alicante-260x102.jpg 260w, https:\/\/museosdealicante.com\/wp-content\/uploads\/2022\/04\/aguas-museos-de-alicante-50x20.jpg 50w, https:\/\/museosdealicante.com\/wp-content\/uploads\/2022\/04\/aguas-museos-de-alicante-150x59.jpg 150w, https:\/\/museosdealicante.com\/wp-content\/uploads\/2022\/04\/aguas-museos-de-alicante-1280x500.jpg 1280w\" sizes=\"auto, (max-width:767px) 480px, (max-width:1920px) 100vw, 1920px\" \/><\/div>\n\t\t<\/figure>\n\t<\/div>\n<\/div><\/div><\/div><\/div><div class=\"vc_row wpb_row vc_row-fluid\"><div class=\"wpb_column vc_column_container vc_col-sm-8\"><div class=\"vc_column-inner\"><div class=\"wpb_wrapper\">\n\t<div class=\"wpb_text_column wpb_content_element \" >\n\t\t<div class=\"wpb_wrapper\">\n\t\t\t<h1><span style=\"font-weight: 400;\">EL MUSEO DE<br \/>\nAGUAS DE ALICANTE<\/span><\/h1>\n<p>El Museo de Aguas de Alicante abierto desde febrero de 2009, surge como fruto de una apuesta empresarial en el 110\u00ba Aniversario de Aguas de Alicante conjuntamente con el Ayuntamiento de la ciudad para desarrollar un\u00a0<strong>espacio para fomentar el conocimiento, respeto y la importancia del agua<\/strong>\u00a0en el d\u00eda a d\u00eda de la poblaci\u00f3n.<\/p>\n<p>Desde su inauguraci\u00f3n\u00a0<strong>m\u00e1s de 160.000 personas<\/strong>\u00a0ya han visitado el enclave del Museo de Aguas de Alicante; un ente vivo en\u00a0<strong>constante renovaci\u00f3n<\/strong>\u00a0de contenidos que adapta su tem\u00e1tica y recursos a las necesidades de cada momento para convertir su visita en una experiencia enriquecedora para sus visitantes.\u00a0<strong>La entrada es gratuita.<\/strong><\/p>\n<p>El Museo de Aguas de Alicante destaca por contener una gran oferta educativa y divulgativa, donde el agua es el protagonista<\/p>\n\n\t\t<\/div>\n\t<\/div>\n<div class=\"vc_btn3-container vc_btn3-inline\" ><a class=\"vc_general vc_btn3 vc_btn3-size-md vc_btn3-shape-rounded vc_btn3-style-modern vc_btn3-color-blue\" href=\"https:\/\/www.aguasdealicante.es\/el-museo-de-aguas-de-alicante\" title=\"\" target=\"_blank\">ACCEDE A LA WEB DEL MUSEO<\/a><\/div><\/div><\/div><\/div><div class=\"wpb_column vc_column_container vc_col-sm-4\"><div class=\"vc_column-inner\"><div class=\"wpb_wrapper\"><div class=\"vc_empty_space\"   style=\"height: 32px\"><span class=\"vc_empty_space_inner\"><\/span><\/div>\n\t<div  class=\"wpb_single_image wpb_content_element vc_align_left  vc_custom_1650984827211\">\n\t\t\n\t\t<figure class=\"wpb_wrapper vc_figure\">\n\t\t\t<div class=\"vc_single_image-wrapper   vc_box_border_grey\"><img loading=\"lazy\" decoding=\"async\" width=\"300\" height=\"300\" src=\"https:\/\/museosdealicante.com\/wp-content\/uploads\/2022\/04\/aguas.jpg\" class=\"vc_single_image-img attachment-full\" alt=\"\" title=\"aguas\" srcset=\"https:\/\/museosdealicante.com\/wp-content\/uploads\/2022\/04\/aguas.jpg 300w, https:\/\/museosdealicante.com\/wp-content\/uploads\/2022\/04\/aguas-150x150.jpg 150w, https:\/\/museosdealicante.com\/wp-content\/uploads\/2022\/04\/aguas-146x146.jpg 146w, https:\/\/museosdealicante.com\/wp-content\/uploads\/2022\/04\/aguas-50x50.jpg 50w, https:\/\/museosdealicante.com\/wp-content\/uploads\/2022\/04\/aguas-75x75.jpg 75w, https:\/\/museosdealicante.com\/wp-content\/uploads\/2022\/04\/aguas-85x85.jpg 85w, https:\/\/museosdealicante.com\/wp-content\/uploads\/2022\/04\/aguas-80x80.jpg 80w\" sizes=\"auto, (max-width:767px) 300px, 300px\" \/><\/div>\n\t\t<\/figure>\n\t<\/div>\n<div class=\"vc_separator wpb_content_element vc_separator_align_center vc_sep_width_100 vc_sep_pos_align_center vc_separator_no_text vc_sep_color_grey\" ><span class=\"vc_sep_holder vc_sep_holder_l\"><span  class=\"vc_sep_line\"><\/span><\/span><span class=\"vc_sep_holder vc_sep_holder_r\"><span  class=\"vc_sep_line\"><\/span><\/span>\n<\/div><div class=\"vc_tta-container\" data-vc-action=\"collapseAll\"><div class=\"vc_general vc_tta vc_tta-accordion vc_tta-color-blue vc_tta-style-modern vc_tta-shape-square vc_tta-spacing-1 vc_tta-controls-align-left vc_tta-o-all-clickable\"><div class=\"vc_tta-panels-container\"><div class=\"vc_tta-panels\"><div class=\"vc_tta-panel\" id=\"1645812543536-c9468f26-2cd4\" data-vc-content=\".vc_tta-panel-body\"><div class=\"vc_tta-panel-heading\"><h4 class=\"vc_tta-panel-title vc_tta-controls-icon-position-left\"><a href=\"#1645812543536-c9468f26-2cd4\" data-vc-accordion data-vc-container=\".vc_tta-container\"><span class=\"vc_tta-title-text\">LOCALIZACI\u00d3N<\/span><i class=\"vc_tta-controls-icon vc_tta-controls-icon-triangle\"><\/i><\/a><\/h4><\/div><div class=\"vc_tta-panel-body\">\n\t<div class=\"wpb_text_column wpb_content_element \" >\n\t\t<div class=\"wpb_wrapper\">\n\t\t\t<p><iframe loading=\"lazy\" style=\"border: 0;\" src=\"https:\/\/www.google.com\/maps\/embed?pb=!1m14!1m8!1m3!1d391.1372216405741!2d-0.480346!3d38.346719!3m2!1i1024!2i768!4f13.1!3m3!1m2!1s0x0%3A0xc789c9b899ca6e3f!2sMuseo%20de%20aguas%20de%20Alicante%20%E2%80%93%20Pozos%20de%20Garrig%C3%B3s!5e0!3m2!1ses!2sus!4v1650984982845!5m2!1ses!2sus\" width=\"600\" height=\"450\" allowfullscreen=\"allowfullscreen\"><\/iframe><\/p>\n<p>&nbsp;<\/p>\n<p>Museos de Aguas \u2013 Pozos de Garrig\u00f3s.<\/p>\n<p>Alicante 03001<\/p>\n\n\t\t<\/div>\n\t<\/div>\n<\/div><\/div><div class=\"vc_tta-panel\" id=\"1645812685229-285f0fea-1870\" data-vc-content=\".vc_tta-panel-body\"><div class=\"vc_tta-panel-heading\"><h4 class=\"vc_tta-panel-title vc_tta-controls-icon-position-left\"><a href=\"#1645812685229-285f0fea-1870\" data-vc-accordion data-vc-container=\".vc_tta-container\"><span class=\"vc_tta-title-text\">HORAIO<\/span><i class=\"vc_tta-controls-icon vc_tta-controls-icon-triangle\"><\/i><\/a><\/h4><\/div><div class=\"vc_tta-panel-body\">\n\t<div class=\"wpb_text_column wpb_content_element \" >\n\t\t<div class=\"wpb_wrapper\">\n\t\t\t<p><u>De Septiembre a Mayo:<\/u><\/p>\n<p>Martes a Viernes de 10:00 a 14:00 y de 17:00 a 20:00<\/p>\n<p>S\u00e1bado y Domingo de 10:00 a 14:00<\/p>\n<p><u>De Junio a Agosto:\u00a0<\/u><\/p>\n<p>Martes a Viernes de 10:00 a 14:00 y de 18:00 a 21:00<\/p>\n<p>S\u00e1bado y Domingo de 10:00 a 14:00<\/p>\n<p>&nbsp;<\/p>\n<p><em>Para acceder al Museo es obligatorio cumplir con las medidas sanitarias en vigor<\/em><\/p>\n<p><em>Debido a las limitaciones de aforo durante la celebraci\u00f3n de eventos el Museo no ser\u00e1 visitable<\/em><\/p>\n\n\t\t<\/div>\n\t<\/div>\n<\/div><\/div><div class=\"vc_tta-panel\" id=\"1645812543544-6c89ffee-eb30\" data-vc-content=\".vc_tta-panel-body\"><div class=\"vc_tta-panel-heading\"><h4 class=\"vc_tta-panel-title vc_tta-controls-icon-position-left\"><a href=\"#1645812543544-6c89ffee-eb30\" data-vc-accordion data-vc-container=\".vc_tta-container\"><span class=\"vc_tta-title-text\">CONTACTO<\/span><i class=\"vc_tta-controls-icon vc_tta-controls-icon-triangle\"><\/i><\/a><\/h4><\/div><div class=\"vc_tta-panel-body\">\n\t<div class=\"wpb_text_column wpb_content_element \" >\n\t\t<div class=\"wpb_wrapper\">\n\t\t\t<p>Tel\u00e9fono:\u00a0<a href=\"tel:965143787\">965 143 787<\/a><\/p>\n<p><a href=\"https:\/\/web.archive.org\/web\/20191103021512\/mailto:museo@aguasdealicante.com\">museo@aguasdealicante.com<\/a><\/p>\n<p><a href=\"https:\/\/web.archive.org\/web\/20191103021512\/http:\/\/www.museoaguasdealicante.es\/\" target=\"_blank\" rel=\"noopener\">www.museoaguasdealicante.es<\/a><\/p>\n\n\t\t<\/div>\n\t<\/div>\n<\/div><\/div><\/div><\/div><\/div><\/div><\/div><\/div><\/div><\/div><div class=\"vc_row wpb_row vc_row-fluid\"><div class=\"wpb_column vc_column_container vc_col-sm-12\"><div class=\"vc_column-inner\"><div class=\"wpb_wrapper\"><h2 style=\"text-align: left;font-family:Merriweather;font-weight:400;font-style:normal\" class=\"vc_custom_heading\" >NOTICIAS DEL MUSEO<\/h2><div class=\"vc_separator wpb_content_element vc_separator_align_center vc_sep_width_100 vc_sep_pos_align_center vc_separator_no_text vc_sep_color_turquoise\" ><span class=\"vc_sep_holder vc_sep_holder_l\"><span  class=\"vc_sep_line\"><\/span><\/span><span class=\"vc_sep_holder vc_sep_holder_r\"><span  class=\"vc_sep_line\"><\/span><\/span>\n<\/div><div class=\"column_filters\"><div class=\"blog_wrapper isotope_wrapper clearfix\"><div class=\"posts_group element_classes lm_wrapper col-3 grid hide-more\"><article class=\"post post-item isotope-item clearfix post-4077 type-post status-publish format-standard has-post-thumbnail hentry category-maca\" style=\"\"><div class=\"date_label\">08\/05\/2026<\/div><div class=\"image_frame post-photo-wrapper scale-with-grid image\"><div class=\"image_wrapper\"><a href=\"https:\/\/museosdealicante.com\/va\/grandes-artistas-a-secas-especial-dim\/\"><div class=\"mask\"><\/div><img loading=\"lazy\" decoding=\"async\" width=\"800\" height=\"720\" src=\"https:\/\/museosdealicante.com\/wp-content\/uploads\/2026\/05\/wp-header-logo-17-800x720.png\" class=\"scale-with-grid wp-post-image\" alt=\"\" srcset=\"https:\/\/museosdealicante.com\/wp-content\/uploads\/2026\/05\/wp-header-logo-17-800x720.png 800w, https:\/\/museosdealicante.com\/wp-content\/uploads\/2026\/05\/wp-header-logo-17-12x12.png 12w\" sizes=\"auto, (max-width:767px) 480px, (max-width:800px) 100vw, 800px\" \/><\/a><div class=\"image_links double\"><a class=\"zoom \"  rel=\"prettyphoto\" href=\"https:\/\/museosdealicante.com\/wp-content\/uploads\/2026\/05\/wp-header-logo-17.png\"><svg viewBox=\"0 0 26 26\"><defs><style>.path{fill:none;stroke:#333;stroke-miterlimit:10;stroke-width:1.5px;}<\/style><\/defs><circle cx=\"11.35\" cy=\"11.35\" r=\"6\" class=\"path\"><\/circle><line x1=\"15.59\" y1=\"15.59\" x2=\"20.65\" y2=\"20.65\" class=\"path\"><\/line><\/svg><\/a><a class=\"link \"  href=\"https:\/\/museosdealicante.com\/va\/grandes-artistas-a-secas-especial-dim\/\"><svg viewBox=\"0 0 26 26\"><defs><style>.path{fill:none;stroke:#333;stroke-miterlimit:10;stroke-width:1.5px;}<\/style><\/defs><g><path d=\"M10.17,8.76l2.12-2.12a5,5,0,0,1,7.07,0h0a5,5,0,0,1,0,7.07l-2.12,2.12\" class=\"path\"><\/path><path d=\"M15.83,17.24l-2.12,2.12a5,5,0,0,1-7.07,0h0a5,5,0,0,1,0-7.07l2.12-2.12\" class=\"path\"><\/path><line x1=\"10.17\" y1=\"15.83\" x2=\"15.83\" y2=\"10.17\" class=\"path\"><\/line><\/g><\/svg><\/a><\/div><\/div><\/div><div class=\"post-desc-wrapper bg- has-custom-bg\" style=\"\"><div class=\"post-desc\"><div class=\"post-head\"><\/div><div class=\"post-title\"><h2 class=\"entry-title\" itemprop=\"headline\"><a href=\"https:\/\/museosdealicante.com\/va\/grandes-artistas-a-secas-especial-dim\/\">Grandes artistas a secas. Especial DIM<\/a><\/h2><\/div><div class=\"post-excerpt\">S\u00e1bado 16 de mayo a las 12 horas. Inscripci\u00f3n AQU\u00cdVisita con verm\u00fa guiada por Explicarte. Tradicionalmente, se ha considerado a la mujer como un ciudadano de segunda clase en<span class=\"excerpt-hellip\"> [\u2026]<\/span><\/div><\/div><\/div><\/article><article class=\"post post-item isotope-item clearfix post-4075 type-post status-publish format-standard has-post-thumbnail hentry category-lonja\" style=\"\"><div class=\"date_label\">08\/05\/2026<\/div><div class=\"image_frame post-photo-wrapper scale-with-grid image\"><div class=\"image_wrapper\"><a href=\"https:\/\/museosdealicante.com\/va\/alicante-celebra-el-dia-internacional-de-los-museos-con-50-actividades\/\"><div class=\"mask\"><\/div><img loading=\"lazy\" decoding=\"async\" width=\"960\" height=\"720\" src=\"https:\/\/museosdealicante.com\/wp-content\/uploads\/2026\/05\/wp-header-logo-16-960x720.png\" class=\"scale-with-grid wp-post-image\" alt=\"\" \/><\/a><div class=\"image_links double\"><a class=\"zoom \"  rel=\"prettyphoto\" href=\"https:\/\/museosdealicante.com\/wp-content\/uploads\/2026\/05\/wp-header-logo-16-724x1024.png\"><svg viewBox=\"0 0 26 26\"><defs><style>.path{fill:none;stroke:#333;stroke-miterlimit:10;stroke-width:1.5px;}<\/style><\/defs><circle cx=\"11.35\" cy=\"11.35\" r=\"6\" class=\"path\"><\/circle><line x1=\"15.59\" y1=\"15.59\" x2=\"20.65\" y2=\"20.65\" class=\"path\"><\/line><\/svg><\/a><a class=\"link \"  href=\"https:\/\/museosdealicante.com\/va\/alicante-celebra-el-dia-internacional-de-los-museos-con-50-actividades\/\"><svg viewBox=\"0 0 26 26\"><defs><style>.path{fill:none;stroke:#333;stroke-miterlimit:10;stroke-width:1.5px;}<\/style><\/defs><g><path d=\"M10.17,8.76l2.12-2.12a5,5,0,0,1,7.07,0h0a5,5,0,0,1,0,7.07l-2.12,2.12\" class=\"path\"><\/path><path d=\"M15.83,17.24l-2.12,2.12a5,5,0,0,1-7.07,0h0a5,5,0,0,1,0-7.07l2.12-2.12\" class=\"path\"><\/path><line x1=\"10.17\" y1=\"15.83\" x2=\"15.83\" y2=\"10.17\" class=\"path\"><\/line><\/g><\/svg><\/a><\/div><\/div><\/div><div class=\"post-desc-wrapper bg- has-custom-bg\" style=\"\"><div class=\"post-desc\"><div class=\"post-head\"><\/div><div class=\"post-title\"><h2 class=\"entry-title\" itemprop=\"headline\"><a href=\"https:\/\/museosdealicante.com\/va\/alicante-celebra-el-dia-internacional-de-los-museos-con-50-actividades\/\">Alicante celebra el D\u00eda Internacional de los Museos con 50 actividades<\/a><\/h2><\/div><div class=\"post-excerpt\">Alicante, 8 de mayo de 2026.\u00a0Los museos y espacios culturales de Alicante han programado medio centenar de actividades para celebrar el D\u00eda Internacional de los Museos (DIM). La jornada,<span class=\"excerpt-hellip\"> [\u2026]<\/span><\/div><\/div><\/div><\/article><article class=\"post post-item isotope-item clearfix post-4073 type-post status-publish format-standard has-post-thumbnail hentry category-maca\" style=\"\"><div class=\"date_label\">08\/05\/2026<\/div><div class=\"image_frame post-photo-wrapper scale-with-grid image\"><div class=\"image_wrapper\"><a href=\"https:\/\/museosdealicante.com\/va\/hablamos-de-arte-dim-2026\/\"><div class=\"mask\"><\/div><img loading=\"lazy\" decoding=\"async\" width=\"800\" height=\"720\" src=\"https:\/\/museosdealicante.com\/wp-content\/uploads\/2026\/05\/wp-header-logo-15-800x720.png\" class=\"scale-with-grid wp-post-image\" alt=\"\" srcset=\"https:\/\/museosdealicante.com\/wp-content\/uploads\/2026\/05\/wp-header-logo-15-800x720.png 800w, https:\/\/museosdealicante.com\/wp-content\/uploads\/2026\/05\/wp-header-logo-15-12x12.png 12w\" sizes=\"auto, (max-width:767px) 480px, (max-width:800px) 100vw, 800px\" \/><\/a><div class=\"image_links double\"><a class=\"zoom \"  rel=\"prettyphoto\" href=\"https:\/\/museosdealicante.com\/wp-content\/uploads\/2026\/05\/wp-header-logo-15.png\"><svg viewBox=\"0 0 26 26\"><defs><style>.path{fill:none;stroke:#333;stroke-miterlimit:10;stroke-width:1.5px;}<\/style><\/defs><circle cx=\"11.35\" cy=\"11.35\" r=\"6\" class=\"path\"><\/circle><line x1=\"15.59\" y1=\"15.59\" x2=\"20.65\" y2=\"20.65\" class=\"path\"><\/line><\/svg><\/a><a class=\"link \"  href=\"https:\/\/museosdealicante.com\/va\/hablamos-de-arte-dim-2026\/\"><svg viewBox=\"0 0 26 26\"><defs><style>.path{fill:none;stroke:#333;stroke-miterlimit:10;stroke-width:1.5px;}<\/style><\/defs><g><path d=\"M10.17,8.76l2.12-2.12a5,5,0,0,1,7.07,0h0a5,5,0,0,1,0,7.07l-2.12,2.12\" class=\"path\"><\/path><path d=\"M15.83,17.24l-2.12,2.12a5,5,0,0,1-7.07,0h0a5,5,0,0,1,0-7.07l2.12-2.12\" class=\"path\"><\/path><line x1=\"10.17\" y1=\"15.83\" x2=\"15.83\" y2=\"10.17\" class=\"path\"><\/line><\/g><\/svg><\/a><\/div><\/div><\/div><div class=\"post-desc-wrapper bg- has-custom-bg\" style=\"\"><div class=\"post-desc\"><div class=\"post-head\"><\/div><div class=\"post-title\"><h2 class=\"entry-title\" itemprop=\"headline\"><a href=\"https:\/\/museosdealicante.com\/va\/hablamos-de-arte-dim-2026\/\">\u00bfHablamos de arte? DIM 2026<\/a><\/h2><\/div><div class=\"post-excerpt\">Jueves 14 de mayo a las 18 horas. ESPECIAL DIM. Inscripci\u00f3n AQU\u00cd Planteamos una nueva manera de relacionarse con el museo con el objetivo de consolidar y favorecer un<span class=\"excerpt-hellip\"> [\u2026]<\/span><\/div><\/div><\/div><\/article><\/div><\/div>\n<\/div>\n<\/div><\/div><\/div><\/div>\n","protected":false},"excerpt":{"rendered":"Jueves 14 de mayo a las 18 horas. ESPECIAL DIM. Inscripci\u00f3n AQU\u00cd Planteamos una nueva manera de relacionarse con el museo con el objetivo de consolidar y favorecer un<span class=\"excerpt-hellip\"> [\u2026]<\/span>","protected":false},"author":1,"featured_media":0,"parent":0,"menu_order":0,"comment_status":"closed","ping_status":"closed","template":"","meta":{"_price":"","_stock":"","_tribe_ticket_header":"","_tribe_default_ticket_provider":"","_tribe_ticket_capacity":"0","_ticket_start_date":"","_ticket_end_date":"","_tribe_ticket_show_description":"","_tribe_ticket_show_not_going":false,"_tribe_ticket_use_global_stock":"","_tribe_ticket_global_stock_level":"","_global_stock_mode":"","_global_stock_cap":"","_tribe_rsvp_for_event":"","_tribe_ticket_going_count":"","_tribe_ticket_not_going_count":"","_tribe_tickets_list":"[]","_tribe_ticket_has_attendee_info_fields":false,"footnotes":"","_tec_slr_enabled":"","_tec_slr_layout":""},"class_list":["post-208","page","type-page","status-publish","hentry"],"yoast_head":"<!-- This site is optimized with the Yoast SEO plugin v27.3 - https:\/\/yoast.com\/product\/yoast-seo-wordpress\/ -->\n<title>MUSEO AGUAS DE ALICANTE - MUSEA | Museos de Alicante<\/title>\n<meta name=\"robots\" content=\"index, follow, max-snippet:-1, max-image-preview:large, max-video-preview:-1\" \/>\n<link rel=\"canonical\" href=\"https:\/\/museosdealicante.com\/va\/museo-aguas-de-alicante\/\" \/>\n<meta property=\"og:locale\" content=\"ca_ES\" \/>\n<meta property=\"og:type\" content=\"article\" \/>\n<meta property=\"og:title\" content=\"MUSEO AGUAS DE ALICANTE - MUSEA | Museos de Alicante\" \/>\n<meta property=\"og:url\" content=\"https:\/\/museosdealicante.com\/va\/museo-aguas-de-alicante\/\" \/>\n<meta property=\"og:site_name\" content=\"MUSEA | Museos de Alicante\" \/>\n<meta property=\"article:modified_time\" content=\"2022-04-26T15:02:33+00:00\" \/>\n<meta name=\"twitter:card\" content=\"summary_large_image\" \/>\n<meta name=\"twitter:label1\" content=\"Temps estimat de lectura\" \/>\n\t<meta name=\"twitter:data1\" content=\"2 minuts\" \/>\n<script type=\"application\/ld+json\" class=\"yoast-schema-graph\">{\"@context\":\"https:\\\/\\\/schema.org\",\"@graph\":[{\"@type\":\"WebPage\",\"@id\":\"https:\\\/\\\/museosdealicante.com\\\/museo-aguas-de-alicante\\\/\",\"url\":\"https:\\\/\\\/museosdealicante.com\\\/museo-aguas-de-alicante\\\/\",\"name\":\"MUSEO AGUAS DE ALICANTE - MUSEA | Museos de Alicante\",\"isPartOf\":{\"@id\":\"https:\\\/\\\/museosdealicante.com\\\/#website\"},\"datePublished\":\"2022-04-26T14:39:35+00:00\",\"dateModified\":\"2022-04-26T15:02:33+00:00\",\"breadcrumb\":{\"@id\":\"https:\\\/\\\/museosdealicante.com\\\/museo-aguas-de-alicante\\\/#breadcrumb\"},\"inLanguage\":\"ca\",\"potentialAction\":[{\"@type\":\"ReadAction\",\"target\":[\"https:\\\/\\\/museosdealicante.com\\\/museo-aguas-de-alicante\\\/\"]}]},{\"@type\":\"BreadcrumbList\",\"@id\":\"https:\\\/\\\/museosdealicante.com\\\/museo-aguas-de-alicante\\\/#breadcrumb\",\"itemListElement\":[{\"@type\":\"ListItem\",\"position\":1,\"name\":\"Portada\",\"item\":\"https:\\\/\\\/museosdealicante.com\\\/\"},{\"@type\":\"ListItem\",\"position\":2,\"name\":\"MUSEO AGUAS DE ALICANTE\"}]},{\"@type\":\"WebSite\",\"@id\":\"https:\\\/\\\/museosdealicante.com\\\/#website\",\"url\":\"https:\\\/\\\/museosdealicante.com\\\/\",\"name\":\"MUSEA | Museos de Alicante\",\"description\":\"Toda la oferta sobre arte, cultura y patrimonio de la ciudad, toda la actualidad de los museos de Alicante\",\"potentialAction\":[{\"@type\":\"SearchAction\",\"target\":{\"@type\":\"EntryPoint\",\"urlTemplate\":\"https:\\\/\\\/museosdealicante.com\\\/?s={search_term_string}\"},\"query-input\":{\"@type\":\"PropertyValueSpecification\",\"valueRequired\":true,\"valueName\":\"search_term_string\"}}],\"inLanguage\":\"ca\"}]}<\/script>\n<!-- \/ Yoast SEO plugin. -->","yoast_head_json":{"title":"MUSEO AGUAS DE ALICANTE - MUSEA | Museos de Alicante","robots":{"index":"index","follow":"follow","max-snippet":"max-snippet:-1","max-image-preview":"max-image-preview:large","max-video-preview":"max-video-preview:-1"},"canonical":"https:\/\/museosdealicante.com\/va\/museo-aguas-de-alicante\/","og_locale":"ca_ES","og_type":"article","og_title":"MUSEO AGUAS DE ALICANTE - MUSEA | Museos de Alicante","og_url":"https:\/\/museosdealicante.com\/va\/museo-aguas-de-alicante\/","og_site_name":"MUSEA | Museos de Alicante","article_modified_time":"2022-04-26T15:02:33+00:00","twitter_card":"summary_large_image","twitter_misc":{"Temps estimat de lectura":"2 minuts"},"schema":{"@context":"https:\/\/schema.org","@graph":[{"@type":"WebPage","@id":"https:\/\/museosdealicante.com\/museo-aguas-de-alicante\/","url":"https:\/\/museosdealicante.com\/museo-aguas-de-alicante\/","name":"MUSEO AGUAS DE ALICANTE - MUSEA | Museos de Alicante","isPartOf":{"@id":"https:\/\/museosdealicante.com\/#website"},"datePublished":"2022-04-26T14:39:35+00:00","dateModified":"2022-04-26T15:02:33+00:00","breadcrumb":{"@id":"https:\/\/museosdealicante.com\/museo-aguas-de-alicante\/#breadcrumb"},"inLanguage":"ca","potentialAction":[{"@type":"ReadAction","target":["https:\/\/museosdealicante.com\/museo-aguas-de-alicante\/"]}]},{"@type":"BreadcrumbList","@id":"https:\/\/museosdealicante.com\/museo-aguas-de-alicante\/#breadcrumb","itemListElement":[{"@type":"ListItem","position":1,"name":"Portada","item":"https:\/\/museosdealicante.com\/"},{"@type":"ListItem","position":2,"name":"MUSEO AGUAS DE ALICANTE"}]},{"@type":"WebSite","@id":"https:\/\/museosdealicante.com\/#website","url":"https:\/\/museosdealicante.com\/","name":"MUSEA | Museos de Alicante","description":"Toda la oferta sobre arte, cultura y patrimonio de la ciudad, toda la actualidad de los museos de Alicante","potentialAction":[{"@type":"SearchAction","target":{"@type":"EntryPoint","urlTemplate":"https:\/\/museosdealicante.com\/?s={search_term_string}"},"query-input":{"@type":"PropertyValueSpecification","valueRequired":true,"valueName":"search_term_string"}}],"inLanguage":"ca"}]}},"ticketed":false,"_links":{"self":[{"href":"https:\/\/museosdealicante.com\/va\/wp-json\/wp\/v2\/pages\/208","targetHints":{"allow":["GET"]}}],"collection":[{"href":"https:\/\/museosdealicante.com\/va\/wp-json\/wp\/v2\/pages"}],"about":[{"href":"https:\/\/museosdealicante.com\/va\/wp-json\/wp\/v2\/types\/page"}],"author":[{"embeddable":true,"href":"https:\/\/museosdealicante.com\/va\/wp-json\/wp\/v2\/users\/1"}],"replies":[{"embeddable":true,"href":"https:\/\/museosdealicante.com\/va\/wp-json\/wp\/v2\/comments?post=208"}],"version-history":[{"count":3,"href":"https:\/\/museosdealicante.com\/va\/wp-json\/wp\/v2\/pages\/208\/revisions"}],"predecessor-version":[{"id":222,"href":"https:\/\/museosdealicante.com\/va\/wp-json\/wp\/v2\/pages\/208\/revisions\/222"}],"wp:attachment":[{"href":"https:\/\/museosdealicante.com\/va\/wp-json\/wp\/v2\/media?parent=208"}],"curies":[{"name":"wp","href":"https:\/\/api.w.org\/{rel}","templated":true}]}}