{"id":248,"date":"2022-04-28T13:34:34","date_gmt":"2022-04-28T13:34:34","guid":{"rendered":"http:\/\/mda.marq.qwair.com\/?page_id=248"},"modified":"2022-07-11T09:35:34","modified_gmt":"2022-07-11T09:35:34","slug":"maca-museo","status":"publish","type":"page","link":"https:\/\/museosdealicante.com\/va\/maca-museo\/","title":{"rendered":"MACA"},"content":{"rendered":"<div data-vc-full-width=\"true\" data-vc-full-width-init=\"false\" data-vc-stretch-content=\"true\" data-vc-parallax=\"1.5\" class=\"vc_row wpb_row vc_row-fluid wpb_animate_when_almost_visible wpb_fadeIn fadeIn vc_custom_1652030921169 vc_row-has-fill vc_row-no-padding vc_row-o-equal-height vc_row-o-content-bottom vc_row-flex vc_general vc_parallax vc_parallax-content-moving\"><div class=\"wpb_column vc_column_container vc_col-sm-12\"><div class=\"vc_column-inner vc_custom_1651153838978\"><div class=\"wpb_wrapper\">\n\t<div  class=\"wpb_single_image wpb_content_element vc_align_left  vc_custom_1651154244889\">\n\t\t\n\t\t<figure class=\"wpb_wrapper vc_figure\">\n\t\t\t<div class=\"vc_single_image-wrapper   vc_box_border_grey\"><img loading=\"lazy\" decoding=\"async\" width=\"658\" height=\"141\" src=\"https:\/\/museosdealicante.com\/wp-content\/uploads\/2022\/04\/ic-musea-slider-tr.png\" class=\"vc_single_image-img attachment-full\" alt=\"\" title=\"ic-musea-slider-tr\" srcset=\"https:\/\/museosdealicante.com\/wp-content\/uploads\/2022\/04\/ic-musea-slider-tr.png 658w, https:\/\/museosdealicante.com\/wp-content\/uploads\/2022\/04\/ic-musea-slider-tr-300x64.png 300w, https:\/\/museosdealicante.com\/wp-content\/uploads\/2022\/04\/ic-musea-slider-tr-260x56.png 260w, https:\/\/museosdealicante.com\/wp-content\/uploads\/2022\/04\/ic-musea-slider-tr-50x11.png 50w, https:\/\/museosdealicante.com\/wp-content\/uploads\/2022\/04\/ic-musea-slider-tr-150x32.png 150w\" sizes=\"auto, (max-width:767px) 480px, 658px\" \/><\/div>\n\t\t<\/figure>\n\t<\/div>\n<\/div><\/div><\/div><\/div><div class=\"vc_row-full-width vc_clearfix\"><\/div><div class=\"vc_row wpb_row vc_row-fluid\"><div class=\"wpb_column vc_column_container vc_col-sm-8\"><div class=\"vc_column-inner\"><div class=\"wpb_wrapper\">\n\t<div class=\"wpb_text_column wpb_content_element \" >\n\t\t<div class=\"wpb_wrapper\">\n\t\t\t<h1>MACA<br \/>\nMUSEO DE ARTE CONTEMPOR\u00c1NEO DE ALICANTE<\/h1>\n<p><span style=\"font-weight: 400;\">Se ubica en el coraz\u00f3n de la ciudad frente a la monumental Iglesia de Santa Mar\u00eda. En un edificio de radical arquitectura, con espacios bell\u00edsimos que ascienden en busca de la luz, se exponen las colecciones de arte contempor\u00e1neo propiedad del Ayuntamiento de Alicante.El MACA integra en su nueva arquitectura la antigua Casa de La Asegurada, convertida desde 1977 en Museo gracias a la generosidad del artista alicantino Eusebio Sempere, que don\u00f3 a la ciudad de Alicante su colecci\u00f3n de obras de arte. Ese trascendente acto fundacional es el origen de este nuevo MACA.<\/span><\/p>\n\n\t\t<\/div>\n\t<\/div>\n<div class=\"vc_btn3-container vc_btn3-inline\" ><a class=\"vc_general vc_btn3 vc_btn3-size-md vc_btn3-shape-rounded vc_btn3-style-modern vc_btn3-color-blue\" href=\"https:\/\/maca-alicante.es\/\" title=\"\" target=\"_blank\">ACCEDE A LA WEB DEL MUSEO<\/a><\/div><\/div><\/div><\/div><div class=\"wpb_column vc_column_container vc_col-sm-4 vc_col-has-fill\"><div class=\"vc_column-inner vc_custom_1651044019480\"><div class=\"wpb_wrapper\"><div class=\"vc_empty_space\"   style=\"height: 32px\"><span class=\"vc_empty_space_inner\"><\/span><\/div>\n\t<div  class=\"wpb_single_image wpb_content_element vc_align_center  vc_custom_1652030947210\">\n\t\t\n\t\t<figure class=\"wpb_wrapper vc_figure\">\n\t\t\t<div class=\"vc_single_image-wrapper   vc_box_border_grey\"><img loading=\"lazy\" decoding=\"async\" width=\"300\" height=\"300\" src=\"https:\/\/museosdealicante.com\/wp-content\/uploads\/2022\/05\/MACA.png\" class=\"vc_single_image-img attachment-full\" alt=\"\" title=\"MACA+\" srcset=\"https:\/\/museosdealicante.com\/wp-content\/uploads\/2022\/05\/MACA.png 300w, https:\/\/museosdealicante.com\/wp-content\/uploads\/2022\/05\/MACA-150x150.png 150w, https:\/\/museosdealicante.com\/wp-content\/uploads\/2022\/05\/MACA-146x146.png 146w, https:\/\/museosdealicante.com\/wp-content\/uploads\/2022\/05\/MACA-50x50.png 50w, https:\/\/museosdealicante.com\/wp-content\/uploads\/2022\/05\/MACA-75x75.png 75w, https:\/\/museosdealicante.com\/wp-content\/uploads\/2022\/05\/MACA-85x85.png 85w, https:\/\/museosdealicante.com\/wp-content\/uploads\/2022\/05\/MACA-80x80.png 80w\" sizes=\"auto, (max-width:767px) 300px, 300px\" \/><\/div>\n\t\t<\/figure>\n\t<\/div>\n<div class=\"vc_separator wpb_content_element vc_separator_align_center vc_sep_width_100 vc_sep_pos_align_center vc_separator_no_text vc_sep_color_grey\" ><span class=\"vc_sep_holder vc_sep_holder_l\"><span  class=\"vc_sep_line\"><\/span><\/span><span class=\"vc_sep_holder vc_sep_holder_r\"><span  class=\"vc_sep_line\"><\/span><\/span>\n<\/div><div class=\"vc_tta-container\" data-vc-action=\"collapseAll\"><div class=\"vc_general vc_tta vc_tta-accordion vc_tta-color-grey vc_tta-style-modern vc_tta-shape-rounded vc_tta-spacing-1 vc_tta-controls-align-left vc_tta-o-all-clickable\"><div class=\"vc_tta-panels-container\"><div class=\"vc_tta-panels\"><div class=\"vc_tta-panel\" id=\"1645812543536-c9468f26-2cd4\" data-vc-content=\".vc_tta-panel-body\"><div class=\"vc_tta-panel-heading\"><h4 class=\"vc_tta-panel-title vc_tta-controls-icon-position-left\"><a href=\"#1645812543536-c9468f26-2cd4\" data-vc-accordion data-vc-container=\".vc_tta-container\"><span class=\"vc_tta-title-text\">LOCALIZACI\u00d3N<\/span><i class=\"vc_tta-controls-icon vc_tta-controls-icon-triangle\"><\/i><\/a><\/h4><\/div><div class=\"vc_tta-panel-body\">\n\t<div class=\"wpb_text_column wpb_content_element \" >\n\t\t<div class=\"wpb_wrapper\">\n\t\t\t<p><iframe loading=\"lazy\" style=\"border: 0;\" src=\"https:\/\/www.google.com\/maps\/embed?pb=!1m14!1m8!1m3!1d12516.469721832551!2d-0.4796830000000001!3d38.346264!3m2!1i1024!2i768!4f13.1!3m3!1m2!1s0x0%3A0xff0c6590798e9da9!2sMuseo%20de%20Arte%20Contempor%C3%A1neo%20de%20Alicante%20MACA!5e0!3m2!1ses!2ses!4v1651044727655!5m2!1ses!2ses\" width=\"600\" height=\"450\" allowfullscreen=\"allowfullscreen\"><\/iframe><\/p>\n<p><strong>Museo de Arte Contempor\u00e1neo de Alicante<\/strong><br \/>\nPlaza de Santa Mar\u00eda, 3<br \/>\n03002- Alicante<br \/>\nTel. 965213156<\/p>\n\n\t\t<\/div>\n\t<\/div>\n<\/div><\/div><div class=\"vc_tta-panel\" id=\"1645812685229-285f0fea-1870\" data-vc-content=\".vc_tta-panel-body\"><div class=\"vc_tta-panel-heading\"><h4 class=\"vc_tta-panel-title vc_tta-controls-icon-position-left\"><a href=\"#1645812685229-285f0fea-1870\" data-vc-accordion data-vc-container=\".vc_tta-container\"><span class=\"vc_tta-title-text\">HORARIO<\/span><i class=\"vc_tta-controls-icon vc_tta-controls-icon-triangle\"><\/i><\/a><\/h4><\/div><div class=\"vc_tta-panel-body\">\n\t<div class=\"wpb_text_column wpb_content_element \" >\n\t\t<div class=\"wpb_wrapper\">\n\t\t\t<p><u>De Septiembre a Mayo:<\/u><\/p>\n<p>Martes a Viernes de 10:00 a 14:00 y de 17:00 a 20:00<\/p>\n<p>S\u00e1bado y Domingo de 10:00 a 14:00<\/p>\n<p><strong>INVIERNO (DEL 1 DE OCTUBRE AL 21 DE MAYO)<\/strong><\/p>\n<p>Salas de exposiciones:<\/p>\n<p>De martes a s\u00e1bado<\/p>\n<p>de 10 a 20 horas ininterrumpidamente.<\/p>\n<p>Domingos y festivos<\/p>\n<p>de 10 a 14 horas.<\/p>\n<p>Lunes cerrado.<\/p>\n<p>Biblioteca:<\/p>\n<p>De martes a viernes<\/p>\n<p>de 10 a 15 horas<\/p>\n<p>S\u00e1bados, domingos y festivos cerrado.<\/p>\n<p><strong>D\u00cdAS DE CIERRE<\/strong><\/p>\n<p>El Museo permanecer\u00e1 cerrado los d\u00edas 24, 25 y 31 de diciembre, 1 y 6 de enero, 1 de mayo y las festividades locales de Santa Faz y San Juan. Este calendario podr\u00e1 ampliarse a lo largo del a\u00f1o.<\/p>\n<p>El 1 de noviembre, 19 de marzo, Jueves Santo, Viernes Santo el museo permanecer\u00e1 abierto en horario de festivo.<\/p>\n\n\t\t<\/div>\n\t<\/div>\n<\/div><\/div><div class=\"vc_tta-panel\" id=\"1645812543544-6c89ffee-eb30\" data-vc-content=\".vc_tta-panel-body\"><div class=\"vc_tta-panel-heading\"><h4 class=\"vc_tta-panel-title vc_tta-controls-icon-position-left\"><a href=\"#1645812543544-6c89ffee-eb30\" data-vc-accordion data-vc-container=\".vc_tta-container\"><span class=\"vc_tta-title-text\">CONTACTO<\/span><i class=\"vc_tta-controls-icon vc_tta-controls-icon-triangle\"><\/i><\/a><\/h4><\/div><div class=\"vc_tta-panel-body\">\n\t<div class=\"wpb_text_column wpb_content_element \" >\n\t\t<div class=\"wpb_wrapper\">\n\t\t\t<h4><strong>Museo de Arte Contempor\u00e1neo de Alicante<\/strong><\/h4>\n<h5>Tel\u00e9fono: 965213156<br \/>\n<a href=\"mailto:maca@alicante.es\">maca@alicante.es<\/a><\/h5>\n\n\t\t<\/div>\n\t<\/div>\n<\/div><\/div><\/div><\/div><\/div><\/div><\/div><\/div><\/div><\/div><div class=\"vc_row wpb_row vc_row-fluid\"><div class=\"wpb_column vc_column_container vc_col-sm-12\"><div class=\"vc_column-inner\"><div class=\"wpb_wrapper\"><h2 style=\"text-align: left;font-family:Merriweather;font-weight:400;font-style:normal\" class=\"vc_custom_heading\" >NOTICIAS DEL MUSEO<\/h2><div class=\"vc_separator wpb_content_element vc_separator_align_center vc_sep_width_100 vc_sep_pos_align_center vc_separator_no_text vc_sep_color_turquoise\" ><span class=\"vc_sep_holder vc_sep_holder_l\"><span  class=\"vc_sep_line\"><\/span><\/span><span class=\"vc_sep_holder vc_sep_holder_r\"><span  class=\"vc_sep_line\"><\/span><\/span>\n<\/div><div class=\"column_filters\"><div class=\"blog_wrapper isotope_wrapper clearfix\"><div class=\"posts_group element_classes lm_wrapper col-3 grid hide-more\"><article class=\"post post-item isotope-item clearfix post-4103 type-post status-publish format-standard has-post-thumbnail hentry category-maca\" style=\"\"><div class=\"date_label\">13\/05\/2026<\/div><div class=\"image_frame post-photo-wrapper scale-with-grid image\"><div class=\"image_wrapper\"><a href=\"https:\/\/museosdealicante.com\/va\/relatos-desde-el-maca-episodio-2-codigo-expandido\/\"><div class=\"mask\"><\/div><img loading=\"lazy\" decoding=\"async\" width=\"800\" height=\"720\" src=\"https:\/\/museosdealicante.com\/wp-content\/uploads\/2026\/05\/wp-header-logo-24-800x720.png\" class=\"scale-with-grid wp-post-image\" alt=\"\" srcset=\"https:\/\/museosdealicante.com\/wp-content\/uploads\/2026\/05\/wp-header-logo-24-800x720.png 800w, https:\/\/museosdealicante.com\/wp-content\/uploads\/2026\/05\/wp-header-logo-24-12x12.png 12w\" sizes=\"auto, (max-width:767px) 480px, (max-width:800px) 100vw, 800px\" \/><\/a><div class=\"image_links double\"><a class=\"zoom \"  rel=\"prettyphoto\" href=\"https:\/\/museosdealicante.com\/wp-content\/uploads\/2026\/05\/wp-header-logo-24.png\"><svg viewBox=\"0 0 26 26\"><defs><style>.path{fill:none;stroke:#333;stroke-miterlimit:10;stroke-width:1.5px;}<\/style><\/defs><circle cx=\"11.35\" cy=\"11.35\" r=\"6\" class=\"path\"><\/circle><line x1=\"15.59\" y1=\"15.59\" x2=\"20.65\" y2=\"20.65\" class=\"path\"><\/line><\/svg><\/a><a class=\"link \"  href=\"https:\/\/museosdealicante.com\/va\/relatos-desde-el-maca-episodio-2-codigo-expandido\/\"><svg viewBox=\"0 0 26 26\"><defs><style>.path{fill:none;stroke:#333;stroke-miterlimit:10;stroke-width:1.5px;}<\/style><\/defs><g><path d=\"M10.17,8.76l2.12-2.12a5,5,0,0,1,7.07,0h0a5,5,0,0,1,0,7.07l-2.12,2.12\" class=\"path\"><\/path><path d=\"M15.83,17.24l-2.12,2.12a5,5,0,0,1-7.07,0h0a5,5,0,0,1,0-7.07l2.12-2.12\" class=\"path\"><\/path><line x1=\"10.17\" y1=\"15.83\" x2=\"15.83\" y2=\"10.17\" class=\"path\"><\/line><\/g><\/svg><\/a><\/div><\/div><\/div><div class=\"post-desc-wrapper bg- has-custom-bg\" style=\"\"><div class=\"post-desc\"><div class=\"post-head\"><\/div><div class=\"post-title\"><h2 class=\"entry-title\" itemprop=\"headline\"><a href=\"https:\/\/museosdealicante.com\/va\/relatos-desde-el-maca-episodio-2-codigo-expandido\/\">Relatos desde el MACA. Episodio 2. C\u00f3digo expandido<\/a><\/h2><\/div><div class=\"post-excerpt\">En este segundo episodio, La l\u00ednea imaginada se adentra en el arte computacional en Espa\u00f1a: una historia hecha de l\u00edneas, c\u00e1lculo, luz, sonido, pantallas y preguntas que siguen muy<span class=\"excerpt-hellip\"> [\u2026]<\/span><\/div><\/div><\/div><\/article><article class=\"post post-item isotope-item clearfix post-4101 type-post status-publish format-standard has-post-thumbnail hentry category-maca\" style=\"\"><div class=\"date_label\">12\/05\/2026<\/div><div class=\"image_frame post-photo-wrapper scale-with-grid image\"><div class=\"image_wrapper\"><a href=\"https:\/\/museosdealicante.com\/va\/rigor-lirico-el-hilo-no-es-lo-mismo-que-la-linea\/\"><div class=\"mask\"><\/div><img decoding=\"async\" src=\"https:\/\/museosdealicante.com\/wp-content\/uploads\/2026\/05\/wp-header-logo-23.png\" class=\"scale-with-grid wp-post-image\" alt=\"\" \/><\/a><div class=\"image_links double\"><a class=\"zoom \"  rel=\"prettyphoto\" href=\"https:\/\/museosdealicante.com\/wp-content\/uploads\/2026\/05\/wp-header-logo-23.png\"><svg viewBox=\"0 0 26 26\"><defs><style>.path{fill:none;stroke:#333;stroke-miterlimit:10;stroke-width:1.5px;}<\/style><\/defs><circle cx=\"11.35\" cy=\"11.35\" r=\"6\" class=\"path\"><\/circle><line x1=\"15.59\" y1=\"15.59\" x2=\"20.65\" y2=\"20.65\" class=\"path\"><\/line><\/svg><\/a><a class=\"link \"  href=\"https:\/\/museosdealicante.com\/va\/rigor-lirico-el-hilo-no-es-lo-mismo-que-la-linea\/\"><svg viewBox=\"0 0 26 26\"><defs><style>.path{fill:none;stroke:#333;stroke-miterlimit:10;stroke-width:1.5px;}<\/style><\/defs><g><path d=\"M10.17,8.76l2.12-2.12a5,5,0,0,1,7.07,0h0a5,5,0,0,1,0,7.07l-2.12,2.12\" class=\"path\"><\/path><path d=\"M15.83,17.24l-2.12,2.12a5,5,0,0,1-7.07,0h0a5,5,0,0,1,0-7.07l2.12-2.12\" class=\"path\"><\/path><line x1=\"10.17\" y1=\"15.83\" x2=\"15.83\" y2=\"10.17\" class=\"path\"><\/line><\/g><\/svg><\/a><\/div><\/div><\/div><div class=\"post-desc-wrapper bg- has-custom-bg\" style=\"\"><div class=\"post-desc\"><div class=\"post-head\"><\/div><div class=\"post-title\"><h2 class=\"entry-title\" itemprop=\"headline\"><a href=\"https:\/\/museosdealicante.com\/va\/rigor-lirico-el-hilo-no-es-lo-mismo-que-la-linea\/\">Rigor l\u00edrico: el hilo no es lo mismo que la l\u00ednea<\/a><\/h2><\/div><div class=\"post-excerpt\">Rigor l\u00edrico: el hilo no es lo mismo que la l\u00ednea. Abstracci\u00f3n geom\u00e9trica en las colecciones del MACA Esta es una selecci\u00f3n de obra gr\u00e1fica que investiga la composici\u00f3n<span class=\"excerpt-hellip\"> [\u2026]<\/span><\/div><\/div><\/div><\/article><article class=\"post post-item isotope-item clearfix post-4095 type-post status-publish format-standard has-post-thumbnail hentry category-maca\" style=\"\"><div class=\"date_label\">11\/05\/2026<\/div><div class=\"image_frame post-photo-wrapper scale-with-grid image\"><div class=\"image_wrapper\"><a href=\"https:\/\/museosdealicante.com\/va\/mitolatorio-especial-dim\/\"><div class=\"mask\"><\/div><img decoding=\"async\" src=\"https:\/\/museosdealicante.com\/wp-content\/uploads\/2026\/05\/wp-header-logo-20.png\" class=\"scale-with-grid wp-post-image\" alt=\"\" \/><\/a><div class=\"image_links double\"><a class=\"zoom \"  rel=\"prettyphoto\" href=\"https:\/\/museosdealicante.com\/wp-content\/uploads\/2026\/05\/wp-header-logo-20.png\"><svg viewBox=\"0 0 26 26\"><defs><style>.path{fill:none;stroke:#333;stroke-miterlimit:10;stroke-width:1.5px;}<\/style><\/defs><circle cx=\"11.35\" cy=\"11.35\" r=\"6\" class=\"path\"><\/circle><line x1=\"15.59\" y1=\"15.59\" x2=\"20.65\" y2=\"20.65\" class=\"path\"><\/line><\/svg><\/a><a class=\"link \"  href=\"https:\/\/museosdealicante.com\/va\/mitolatorio-especial-dim\/\"><svg viewBox=\"0 0 26 26\"><defs><style>.path{fill:none;stroke:#333;stroke-miterlimit:10;stroke-width:1.5px;}<\/style><\/defs><g><path d=\"M10.17,8.76l2.12-2.12a5,5,0,0,1,7.07,0h0a5,5,0,0,1,0,7.07l-2.12,2.12\" class=\"path\"><\/path><path d=\"M15.83,17.24l-2.12,2.12a5,5,0,0,1-7.07,0h0a5,5,0,0,1,0-7.07l2.12-2.12\" class=\"path\"><\/path><line x1=\"10.17\" y1=\"15.83\" x2=\"15.83\" y2=\"10.17\" class=\"path\"><\/line><\/g><\/svg><\/a><\/div><\/div><\/div><div class=\"post-desc-wrapper bg- has-custom-bg\" style=\"\"><div class=\"post-desc\"><div class=\"post-head\"><\/div><div class=\"post-title\"><h2 class=\"entry-title\" itemprop=\"headline\"><a href=\"https:\/\/museosdealicante.com\/va\/mitolatorio-especial-dim\/\">Mitolatorio. Especial DIM.<\/a><\/h2><\/div><div class=\"post-excerpt\">Pr\u00f3xima sesi\u00f3n el 17 de mayo a las 11 horas. Inscripci\u00f3n AQU\u00cd Z\u00f3bel y los puentes imaginarios. ESPECIAL DIMUn laboratorio de fabulaci\u00f3n urbana para personas de cualquier edad abiertas<span class=\"excerpt-hellip\"> [\u2026]<\/span><\/div><\/div><\/div><\/article><\/div><\/div>\n<\/div>\n<\/div><\/div><\/div><\/div>\n","protected":false},"excerpt":{"rendered":"Pr\u00f3xima sesi\u00f3n el 17 de mayo a las 11 horas. Inscripci\u00f3n AQU\u00cd Z\u00f3bel y los puentes imaginarios. ESPECIAL DIMUn laboratorio de fabulaci\u00f3n urbana para personas de cualquier edad abiertas<span class=\"excerpt-hellip\"> [\u2026]<\/span>","protected":false},"author":4,"featured_media":0,"parent":0,"menu_order":0,"comment_status":"closed","ping_status":"closed","template":"","meta":{"_price":"","_stock":"","_tribe_ticket_header":"","_tribe_default_ticket_provider":"","_tribe_ticket_capacity":"0","_ticket_start_date":"","_ticket_end_date":"","_tribe_ticket_show_description":"","_tribe_ticket_show_not_going":false,"_tribe_ticket_use_global_stock":"","_tribe_ticket_global_stock_level":"","_global_stock_mode":"","_global_stock_cap":"","_tribe_rsvp_for_event":"","_tribe_ticket_going_count":"","_tribe_ticket_not_going_count":"","_tribe_tickets_list":"[]","_tribe_ticket_has_attendee_info_fields":false,"footnotes":"","_tec_slr_enabled":"","_tec_slr_layout":""},"class_list":["post-248","page","type-page","status-publish","hentry"],"yoast_head":"<!-- This site is optimized with the Yoast SEO plugin v27.3 - https:\/\/yoast.com\/product\/yoast-seo-wordpress\/ -->\n<title>MACA - MUSEA | Museos de Alicante<\/title>\n<meta name=\"robots\" content=\"index, follow, max-snippet:-1, max-image-preview:large, max-video-preview:-1\" \/>\n<link rel=\"canonical\" href=\"https:\/\/museosdealicante.com\/va\/maca-museo\/\" \/>\n<meta property=\"og:locale\" content=\"ca_ES\" \/>\n<meta property=\"og:type\" content=\"article\" \/>\n<meta property=\"og:title\" content=\"MACA - MUSEA | Museos de Alicante\" \/>\n<meta property=\"og:url\" content=\"https:\/\/museosdealicante.com\/va\/maca-museo\/\" \/>\n<meta property=\"og:site_name\" content=\"MUSEA | Museos de Alicante\" \/>\n<meta property=\"article:modified_time\" content=\"2022-07-11T09:35:34+00:00\" \/>\n<meta name=\"twitter:card\" content=\"summary_large_image\" \/>\n<meta name=\"twitter:label1\" content=\"Temps estimat de lectura\" \/>\n\t<meta name=\"twitter:data1\" content=\"3 minuts\" \/>\n<script type=\"application\/ld+json\" class=\"yoast-schema-graph\">{\"@context\":\"https:\\\/\\\/schema.org\",\"@graph\":[{\"@type\":\"WebPage\",\"@id\":\"https:\\\/\\\/museosdealicante.com\\\/maca-museo\\\/\",\"url\":\"https:\\\/\\\/museosdealicante.com\\\/maca-museo\\\/\",\"name\":\"MACA - MUSEA | Museos de Alicante\",\"isPartOf\":{\"@id\":\"https:\\\/\\\/museosdealicante.com\\\/#website\"},\"datePublished\":\"2022-04-28T13:34:34+00:00\",\"dateModified\":\"2022-07-11T09:35:34+00:00\",\"breadcrumb\":{\"@id\":\"https:\\\/\\\/museosdealicante.com\\\/maca-museo\\\/#breadcrumb\"},\"inLanguage\":\"ca\",\"potentialAction\":[{\"@type\":\"ReadAction\",\"target\":[\"https:\\\/\\\/museosdealicante.com\\\/maca-museo\\\/\"]}]},{\"@type\":\"BreadcrumbList\",\"@id\":\"https:\\\/\\\/museosdealicante.com\\\/maca-museo\\\/#breadcrumb\",\"itemListElement\":[{\"@type\":\"ListItem\",\"position\":1,\"name\":\"Portada\",\"item\":\"https:\\\/\\\/museosdealicante.com\\\/\"},{\"@type\":\"ListItem\",\"position\":2,\"name\":\"MACA\"}]},{\"@type\":\"WebSite\",\"@id\":\"https:\\\/\\\/museosdealicante.com\\\/#website\",\"url\":\"https:\\\/\\\/museosdealicante.com\\\/\",\"name\":\"MUSEA | Museos de Alicante\",\"description\":\"Toda la oferta sobre arte, cultura y patrimonio de la ciudad, toda la actualidad de los museos de Alicante\",\"potentialAction\":[{\"@type\":\"SearchAction\",\"target\":{\"@type\":\"EntryPoint\",\"urlTemplate\":\"https:\\\/\\\/museosdealicante.com\\\/?s={search_term_string}\"},\"query-input\":{\"@type\":\"PropertyValueSpecification\",\"valueRequired\":true,\"valueName\":\"search_term_string\"}}],\"inLanguage\":\"ca\"}]}<\/script>\n<!-- \/ Yoast SEO plugin. -->","yoast_head_json":{"title":"MACA - MUSEA | Museos de Alicante","robots":{"index":"index","follow":"follow","max-snippet":"max-snippet:-1","max-image-preview":"max-image-preview:large","max-video-preview":"max-video-preview:-1"},"canonical":"https:\/\/museosdealicante.com\/va\/maca-museo\/","og_locale":"ca_ES","og_type":"article","og_title":"MACA - MUSEA | Museos de Alicante","og_url":"https:\/\/museosdealicante.com\/va\/maca-museo\/","og_site_name":"MUSEA | Museos de Alicante","article_modified_time":"2022-07-11T09:35:34+00:00","twitter_card":"summary_large_image","twitter_misc":{"Temps estimat de lectura":"3 minuts"},"schema":{"@context":"https:\/\/schema.org","@graph":[{"@type":"WebPage","@id":"https:\/\/museosdealicante.com\/maca-museo\/","url":"https:\/\/museosdealicante.com\/maca-museo\/","name":"MACA - MUSEA | Museos de Alicante","isPartOf":{"@id":"https:\/\/museosdealicante.com\/#website"},"datePublished":"2022-04-28T13:34:34+00:00","dateModified":"2022-07-11T09:35:34+00:00","breadcrumb":{"@id":"https:\/\/museosdealicante.com\/maca-museo\/#breadcrumb"},"inLanguage":"ca","potentialAction":[{"@type":"ReadAction","target":["https:\/\/museosdealicante.com\/maca-museo\/"]}]},{"@type":"BreadcrumbList","@id":"https:\/\/museosdealicante.com\/maca-museo\/#breadcrumb","itemListElement":[{"@type":"ListItem","position":1,"name":"Portada","item":"https:\/\/museosdealicante.com\/"},{"@type":"ListItem","position":2,"name":"MACA"}]},{"@type":"WebSite","@id":"https:\/\/museosdealicante.com\/#website","url":"https:\/\/museosdealicante.com\/","name":"MUSEA | Museos de Alicante","description":"Toda la oferta sobre arte, cultura y patrimonio de la ciudad, toda la actualidad de los museos de Alicante","potentialAction":[{"@type":"SearchAction","target":{"@type":"EntryPoint","urlTemplate":"https:\/\/museosdealicante.com\/?s={search_term_string}"},"query-input":{"@type":"PropertyValueSpecification","valueRequired":true,"valueName":"search_term_string"}}],"inLanguage":"ca"}]}},"ticketed":false,"_links":{"self":[{"href":"https:\/\/museosdealicante.com\/va\/wp-json\/wp\/v2\/pages\/248","targetHints":{"allow":["GET"]}}],"collection":[{"href":"https:\/\/museosdealicante.com\/va\/wp-json\/wp\/v2\/pages"}],"about":[{"href":"https:\/\/museosdealicante.com\/va\/wp-json\/wp\/v2\/types\/page"}],"author":[{"embeddable":true,"href":"https:\/\/museosdealicante.com\/va\/wp-json\/wp\/v2\/users\/4"}],"replies":[{"embeddable":true,"href":"https:\/\/museosdealicante.com\/va\/wp-json\/wp\/v2\/comments?post=248"}],"version-history":[{"count":22,"href":"https:\/\/museosdealicante.com\/va\/wp-json\/wp\/v2\/pages\/248\/revisions"}],"predecessor-version":[{"id":807,"href":"https:\/\/museosdealicante.com\/va\/wp-json\/wp\/v2\/pages\/248\/revisions\/807"}],"wp:attachment":[{"href":"https:\/\/museosdealicante.com\/va\/wp-json\/wp\/v2\/media?parent=248"}],"curies":[{"name":"wp","href":"https:\/\/api.w.org\/{rel}","templated":true}]}}