{"id":268,"date":"2022-04-28T14:20:24","date_gmt":"2022-04-28T14:20:24","guid":{"rendered":"http:\/\/mda.marq.qwair.com\/?page_id=268"},"modified":"2025-05-09T14:24:11","modified_gmt":"2025-05-09T14:24:11","slug":"mubag-museo","status":"publish","type":"page","link":"https:\/\/museosdealicante.com\/va\/mubag-museo\/","title":{"rendered":"MUBAG"},"content":{"rendered":"<div data-vc-full-width=\"true\" data-vc-full-width-init=\"false\" data-vc-stretch-content=\"true\" data-vc-parallax=\"1.5\" class=\"vc_row wpb_row vc_row-fluid wpb_animate_when_almost_visible wpb_fadeIn fadeIn vc_custom_1651155107282 vc_row-has-fill vc_row-no-padding vc_row-o-equal-height vc_row-o-content-bottom vc_row-flex vc_general vc_parallax vc_parallax-content-moving\"><div class=\"wpb_column vc_column_container vc_col-sm-12\"><div class=\"vc_column-inner vc_custom_1651153838978\"><div class=\"wpb_wrapper\">\n\t<div  class=\"wpb_single_image wpb_content_element vc_align_left  vc_custom_1651154244889\">\n\t\t\n\t\t<figure class=\"wpb_wrapper vc_figure\">\n\t\t\t<div class=\"vc_single_image-wrapper   vc_box_border_grey\"><img loading=\"lazy\" decoding=\"async\" width=\"658\" height=\"141\" src=\"https:\/\/museosdealicante.com\/wp-content\/uploads\/2022\/04\/ic-musea-slider-tr.png\" class=\"vc_single_image-img attachment-full\" alt=\"\" title=\"ic-musea-slider-tr\" srcset=\"https:\/\/museosdealicante.com\/wp-content\/uploads\/2022\/04\/ic-musea-slider-tr.png 658w, https:\/\/museosdealicante.com\/wp-content\/uploads\/2022\/04\/ic-musea-slider-tr-300x64.png 300w, https:\/\/museosdealicante.com\/wp-content\/uploads\/2022\/04\/ic-musea-slider-tr-260x56.png 260w, https:\/\/museosdealicante.com\/wp-content\/uploads\/2022\/04\/ic-musea-slider-tr-50x11.png 50w, https:\/\/museosdealicante.com\/wp-content\/uploads\/2022\/04\/ic-musea-slider-tr-150x32.png 150w\" sizes=\"auto, (max-width:767px) 480px, 658px\" \/><\/div>\n\t\t<\/figure>\n\t<\/div>\n<\/div><\/div><\/div><\/div><div class=\"vc_row-full-width vc_clearfix\"><\/div><div class=\"vc_row wpb_row vc_row-fluid\"><div class=\"wpb_column vc_column_container vc_col-sm-8\"><div class=\"vc_column-inner\"><div class=\"wpb_wrapper\">\n\t<div class=\"wpb_text_column wpb_content_element \" >\n\t\t<div class=\"wpb_wrapper\">\n\t\t\t<h1>Museo de Bellas Artes Gravina<\/h1>\n<p><b><br \/>\nEL EDIFICIO: El Palacio Gravina<\/b><\/p>\n<p><span style=\"font-weight: 400;\">El MUBAG emplea como espacio expositivo el principal palacio del siglo XVIII de la ciudad de Alicante, el palacio Gravina, que fue propiedad del Conde de Lumiares, al que se le a\u00f1adi\u00f3 la edificaci\u00f3n contigua de similar estilo.<\/span><\/p>\n<p><span style=\"font-weight: 400;\">En las salas se expone obra que abarca desde el siglo XVI al XX, procedente de la colecci\u00f3n de Diputaci\u00f3n de Alicante, en su mayor\u00eda, y de otros centros importantes del panorama art\u00edstico nacional.<\/span><\/p>\n<p><b>FONDO EXPUESTO<\/b><\/p>\n<p><span style=\"font-weight: 400;\">La colecci\u00f3n art\u00edstica de la Diputaci\u00f3n de Alicante abarca un amplio abanico cronol\u00f3gico que se extiende desde el siglo XVI hasta nuestros d\u00edas. En el MUBAG, en su sala principal, os pod\u00e9is deleitar con el arte religioso de los siglos XVI-XVII y con la extensa colecci\u00f3n de pinturas del siglo XIX que se enriquece con las de otras instituciones como las veinticinco pinturas depositadas por el Museo Nacional del Prado, bajo el t\u00edtulo <\/span><i><span style=\"font-weight: 400;\">El siglo XIX. La colecci\u00f3n a la luz<\/span><\/i><span style=\"font-weight: 400;\">. A continuaci\u00f3n, el \u00e1mbito dedicado a la figura del pintor alicantino Emilio Varela (1887-1951) hace de puente con las muestras centradas en el siglo XX de la planta baja. Aqu\u00ed, se re\u00fanen por primera vez todas las obras premiadas en los Concursos de Pintura y Escultura de la Diputaci\u00f3n de los a\u00f1os 1952 a 1960; y las piezas m\u00e1s contempor\u00e1neas que se exhiben en las arcadas del antiguo zagu\u00e1n del palacio. El MUBAG, adem\u00e1s, expande su discurso a otras \u00e9pocas y \u00e1mbitos geogr\u00e1ficos mediante exposiciones temporales en la segunda planta.\u00a0<\/span><\/p>\n<p><span style=\"font-weight: 400;\">Un museo que gracias a su programa de exposiciones y otras actividades como conciertos y conferencias acerca el arte y la cultura a todos los ciudadanos.<\/span><\/p>\n\n\t\t<\/div>\n\t<\/div>\n<div class=\"vc_btn3-container vc_btn3-inline\" ><a class=\"vc_general vc_btn3 vc_btn3-size-md vc_btn3-shape-rounded vc_btn3-style-modern vc_btn3-color-blue\" href=\"https:\/\/www.mubag.es\/\" title=\"\" target=\"_blank\">ACCEDE A LA WEB DEL MUSEO<\/a><\/div><\/div><\/div><\/div><div class=\"wpb_column vc_column_container vc_col-sm-4 vc_col-has-fill\"><div class=\"vc_column-inner vc_custom_1651044019480\"><div class=\"wpb_wrapper\"><div class=\"vc_empty_space\"   style=\"height: 32px\"><span class=\"vc_empty_space_inner\"><\/span><\/div>\n\t<div  class=\"wpb_single_image wpb_content_element vc_align_center  vc_custom_1746800628608\">\n\t\t\n\t\t<figure class=\"wpb_wrapper vc_figure\">\n\t\t\t<div class=\"vc_single_image-wrapper   vc_box_border_grey\"><img loading=\"lazy\" decoding=\"async\" width=\"300\" height=\"300\" src=\"https:\/\/museosdealicante.com\/wp-content\/uploads\/2025\/05\/mubag.png\" class=\"vc_single_image-img attachment-full\" alt=\"\" title=\"mubag\" srcset=\"https:\/\/museosdealicante.com\/wp-content\/uploads\/2025\/05\/mubag.png 300w, https:\/\/museosdealicante.com\/wp-content\/uploads\/2025\/05\/mubag-150x150.png 150w, https:\/\/museosdealicante.com\/wp-content\/uploads\/2025\/05\/mubag-12x12.png 12w, https:\/\/museosdealicante.com\/wp-content\/uploads\/2025\/05\/mubag-75x75.png 75w\" sizes=\"auto, (max-width:767px) 300px, 300px\" \/><\/div>\n\t\t<\/figure>\n\t<\/div>\n<div class=\"vc_separator wpb_content_element vc_separator_align_center vc_sep_width_100 vc_sep_pos_align_center vc_separator_no_text vc_sep_color_grey\" ><span class=\"vc_sep_holder vc_sep_holder_l\"><span  class=\"vc_sep_line\"><\/span><\/span><span class=\"vc_sep_holder vc_sep_holder_r\"><span  class=\"vc_sep_line\"><\/span><\/span>\n<\/div><div class=\"vc_tta-container\" data-vc-action=\"collapseAll\"><div class=\"vc_general vc_tta vc_tta-accordion vc_tta-color-grey vc_tta-style-modern vc_tta-shape-rounded vc_tta-spacing-1 vc_tta-controls-align-left vc_tta-o-all-clickable\"><div class=\"vc_tta-panels-container\"><div class=\"vc_tta-panels\"><div class=\"vc_tta-panel\" id=\"1645812543536-c9468f26-2cd4\" data-vc-content=\".vc_tta-panel-body\"><div class=\"vc_tta-panel-heading\"><h4 class=\"vc_tta-panel-title vc_tta-controls-icon-position-left\"><a href=\"#1645812543536-c9468f26-2cd4\" data-vc-accordion data-vc-container=\".vc_tta-container\"><span class=\"vc_tta-title-text\">LOCALIZACI\u00d3N<\/span><i class=\"vc_tta-controls-icon vc_tta-controls-icon-triangle\"><\/i><\/a><\/h4><\/div><div class=\"vc_tta-panel-body\">\n\t<div class=\"wpb_text_column wpb_content_element \" >\n\t\t<div class=\"wpb_wrapper\">\n\t\t\t<p><iframe loading=\"lazy\" style=\"border: 0;\" src=\"https:\/\/www.google.com\/maps\/embed?pb=!1m14!1m8!1m3!1d12516.602750499851!2d-0.4795685!3d38.3454942!3m2!1i1024!2i768!4f13.1!3m3!1m2!1s0x0%3A0x6299140ab3a496b6!2sMuseo%20de%20Bellas%20Artes%20Gravina%20MUBAG!5e0!3m2!1ses!2ses!4v1651156882947!5m2!1ses!2ses\" width=\"600\" height=\"450\" allowfullscreen=\"allowfullscreen\"><\/iframe><\/p>\n<p><strong>Museo de Bellas Arte Gravina<\/strong><br \/>\nCarrer Gravina, 13, 15, 03002 Alacant, Alicante<\/p>\n<p><strong>C\u00d3MO LLEGAR<\/strong><\/p>\n<p><b>Autob\u00fas<\/b><span style=\"font-weight: 400;\">: L\u00edneas: 01-02-05-07-8A\/B-10-21-22-25 (Plaza del Ayuntamiento)<\/span><\/p>\n<p><b>Taxi<\/b><span style=\"font-weight: 400;\">: Paradas cercanas: Plaza del Ayuntamiento, Portal de Elche, Plaza del Mar<\/span><\/p>\n<p><b>Tram<\/b><span style=\"font-weight: 400;\">: Parada Postiguet<\/span><\/p>\n\n\t\t<\/div>\n\t<\/div>\n<\/div><\/div><div class=\"vc_tta-panel\" id=\"1645812685229-285f0fea-1870\" data-vc-content=\".vc_tta-panel-body\"><div class=\"vc_tta-panel-heading\"><h4 class=\"vc_tta-panel-title vc_tta-controls-icon-position-left\"><a href=\"#1645812685229-285f0fea-1870\" data-vc-accordion data-vc-container=\".vc_tta-container\"><span class=\"vc_tta-title-text\">HORARIO<\/span><i class=\"vc_tta-controls-icon vc_tta-controls-icon-triangle\"><\/i><\/a><\/h4><\/div><div class=\"vc_tta-panel-body\">\n\t<div class=\"wpb_text_column wpb_content_element \" >\n\t\t<div class=\"wpb_wrapper\">\n\t\t\t<p><span style=\"font-weight: 400;\">Martes a s\u00e1bado de 10:00 a 20:00 horas<\/span><\/p>\n<p><span style=\"font-weight: 400;\">Domingos y festivos de 10:00 a 14:00 horas<\/span><\/p>\n\n\t\t<\/div>\n\t<\/div>\n<\/div><\/div><div class=\"vc_tta-panel\" id=\"1645812543544-6c89ffee-eb30\" data-vc-content=\".vc_tta-panel-body\"><div class=\"vc_tta-panel-heading\"><h4 class=\"vc_tta-panel-title vc_tta-controls-icon-position-left\"><a href=\"#1645812543544-6c89ffee-eb30\" data-vc-accordion data-vc-container=\".vc_tta-container\"><span class=\"vc_tta-title-text\">CONTACTO<\/span><i class=\"vc_tta-controls-icon vc_tta-controls-icon-triangle\"><\/i><\/a><\/h4><\/div><div class=\"vc_tta-panel-body\">\n\t<div class=\"wpb_text_column wpb_content_element \" >\n\t\t<div class=\"wpb_wrapper\">\n\t\t\t<p><span style=\"font-weight: 400;\">965 14 67 80<\/span><\/p>\n<p><span style=\"font-weight: 400;\">www.mubag.es<\/span><\/p>\n<p><a href=\"mailto:mubag@dip-alicante.es\"><span style=\"font-weight: 400;\">mubag@diputacionalicante.es<\/span><\/a><\/p>\n\n\t\t<\/div>\n\t<\/div>\n<\/div><\/div><\/div><\/div><\/div><\/div><\/div><\/div><\/div><\/div><div class=\"vc_row wpb_row vc_row-fluid\"><div class=\"wpb_column vc_column_container vc_col-sm-12\"><div class=\"vc_column-inner\"><div class=\"wpb_wrapper\"><h2 style=\"text-align: left;font-family:Merriweather;font-weight:400;font-style:normal\" class=\"vc_custom_heading\" >NOTICIAS DEL MUSEO<\/h2><div class=\"vc_separator wpb_content_element vc_separator_align_center vc_sep_width_100 vc_sep_pos_align_center vc_separator_no_text vc_sep_color_turquoise\" ><span class=\"vc_sep_holder vc_sep_holder_l\"><span  class=\"vc_sep_line\"><\/span><\/span><span class=\"vc_sep_holder vc_sep_holder_r\"><span  class=\"vc_sep_line\"><\/span><\/span>\n<\/div><div class=\"column_filters\"><div class=\"blog_wrapper isotope_wrapper clearfix\"><div class=\"posts_group element_classes lm_wrapper col-3 grid hide-more\"><article class=\"post post-item isotope-item clearfix no-img post-2809 type-post status-publish format-standard hentry category-mubag\" style=\"\"><div class=\"date_label\">19\/11\/2024<\/div><div class=\"image_frame post-photo-wrapper scale-with-grid image\"><div class=\"image_wrapper\"><\/div><\/div><div class=\"post-desc-wrapper bg- has-custom-bg\" style=\"\"><div class=\"post-desc\"><div class=\"post-head\"><\/div><div class=\"post-title\"><h2 class=\"entry-title\" itemprop=\"headline\"><a href=\"https:\/\/museosdealicante.com\/va\/pases-guiados-fin-de-semana-ano-2024-2025\/\">Pases guiados fin de semana. A\u00f1o 2024-2025<\/a><\/h2><\/div><div class=\"post-excerpt\">El servicio de pases guiados fijos del MUBAG se centra en dar a conocer a los visitantes las exposiciones del museo, tanto la permanente como las temporales, as\u00ed como<span class=\"excerpt-hellip\"> [\u2026]<\/span><\/div><\/div><\/div><\/article><article class=\"post post-item isotope-item clearfix no-img post-2808 type-post status-publish format-standard hentry category-mubag\" style=\"\"><div class=\"date_label\">19\/11\/2024<\/div><div class=\"image_frame post-photo-wrapper scale-with-grid image\"><div class=\"image_wrapper\"><\/div><\/div><div class=\"post-desc-wrapper bg- has-custom-bg\" style=\"\"><div class=\"post-desc\"><div class=\"post-head\"><\/div><div class=\"post-title\"><h2 class=\"entry-title\" itemprop=\"headline\"><a href=\"https:\/\/museosdealicante.com\/va\/milan-vitrina-de-la-modernidad\/\">MIL\u00c1N. VITRINA DE LA MODERNIDAD.<\/a><\/h2><\/div><div class=\"post-excerpt\">Del 28 de noviembre de 2024 al 4 de mayo de 2025. Inspirado en la relaci\u00f3n que los artistas decimon\u00f3nicos de la colecci\u00f3n estable del MUBAG forjaron con Italia<span class=\"excerpt-hellip\"> [\u2026]<\/span><\/div><\/div><\/div><\/article><article class=\"post post-item isotope-item clearfix no-img post-2686 type-post status-publish format-standard hentry category-mubag\" style=\"\"><div class=\"date_label\">02\/10\/2024<\/div><div class=\"image_frame post-photo-wrapper scale-with-grid image\"><div class=\"image_wrapper\"><\/div><\/div><div class=\"post-desc-wrapper bg- has-custom-bg\" style=\"\"><div class=\"post-desc\"><div class=\"post-head\"><\/div><div class=\"post-title\"><h2 class=\"entry-title\" itemprop=\"headline\"><a href=\"https:\/\/museosdealicante.com\/va\/el-siglo-xix-la-coleccion-a-la-luz-curso-2024-2025\/\">El siglo XIX. La colecci\u00f3n a la luz. Curso 2024\/2025<\/a><\/h2><\/div><div class=\"post-excerpt\">El Museo de Bellas Artes de Alicante, MUBAG, presenta el renovado programa educativo para el curso 2024\/2025 centrado en la exposici\u00f3n permanente El siglo XIX. La colecci\u00f3n a la<span class=\"excerpt-hellip\"> [\u2026]<\/span><\/div><\/div><\/div><\/article><\/div><\/div>\n<\/div>\n<\/div><\/div><\/div><\/div>\n","protected":false},"excerpt":{"rendered":"El Museo de Bellas Artes de Alicante, MUBAG, presenta el renovado programa educativo para el curso 2024\/2025 centrado en la exposici\u00f3n permanente El siglo XIX. La colecci\u00f3n a la<span class=\"excerpt-hellip\"> [\u2026]<\/span>","protected":false},"author":5,"featured_media":0,"parent":0,"menu_order":0,"comment_status":"closed","ping_status":"closed","template":"","meta":{"_price":"","_stock":"","_tribe_ticket_header":"","_tribe_default_ticket_provider":"","_tribe_ticket_capacity":"0","_ticket_start_date":"","_ticket_end_date":"","_tribe_ticket_show_description":"","_tribe_ticket_show_not_going":false,"_tribe_ticket_use_global_stock":"","_tribe_ticket_global_stock_level":"","_global_stock_mode":"","_global_stock_cap":"","_tribe_rsvp_for_event":"","_tribe_ticket_going_count":"","_tribe_ticket_not_going_count":"","_tribe_tickets_list":"[]","_tribe_ticket_has_attendee_info_fields":false,"footnotes":"","_tec_slr_enabled":"","_tec_slr_layout":""},"class_list":["post-268","page","type-page","status-publish","hentry"],"yoast_head":"<!-- This site is optimized with the Yoast SEO plugin v27.3 - https:\/\/yoast.com\/product\/yoast-seo-wordpress\/ -->\n<title>MUBAG - MUSEA | Museos de Alicante<\/title>\n<meta name=\"robots\" content=\"index, follow, max-snippet:-1, max-image-preview:large, max-video-preview:-1\" \/>\n<link rel=\"canonical\" href=\"https:\/\/museosdealicante.com\/va\/mubag-museo\/\" \/>\n<meta property=\"og:locale\" content=\"ca_ES\" \/>\n<meta property=\"og:type\" content=\"article\" \/>\n<meta property=\"og:title\" content=\"MUBAG - MUSEA | Museos de Alicante\" \/>\n<meta property=\"og:url\" content=\"https:\/\/museosdealicante.com\/va\/mubag-museo\/\" \/>\n<meta property=\"og:site_name\" content=\"MUSEA | Museos de Alicante\" \/>\n<meta property=\"article:modified_time\" content=\"2025-05-09T14:24:11+00:00\" \/>\n<meta name=\"twitter:card\" content=\"summary_large_image\" \/>\n<meta name=\"twitter:label1\" content=\"Temps estimat de lectura\" \/>\n\t<meta name=\"twitter:data1\" content=\"3 minuts\" \/>\n<script type=\"application\/ld+json\" class=\"yoast-schema-graph\">{\"@context\":\"https:\\\/\\\/schema.org\",\"@graph\":[{\"@type\":\"WebPage\",\"@id\":\"https:\\\/\\\/museosdealicante.com\\\/mubag-museo\\\/\",\"url\":\"https:\\\/\\\/museosdealicante.com\\\/mubag-museo\\\/\",\"name\":\"MUBAG - MUSEA | Museos de Alicante\",\"isPartOf\":{\"@id\":\"https:\\\/\\\/museosdealicante.com\\\/#website\"},\"datePublished\":\"2022-04-28T14:20:24+00:00\",\"dateModified\":\"2025-05-09T14:24:11+00:00\",\"breadcrumb\":{\"@id\":\"https:\\\/\\\/museosdealicante.com\\\/mubag-museo\\\/#breadcrumb\"},\"inLanguage\":\"ca\",\"potentialAction\":[{\"@type\":\"ReadAction\",\"target\":[\"https:\\\/\\\/museosdealicante.com\\\/mubag-museo\\\/\"]}]},{\"@type\":\"BreadcrumbList\",\"@id\":\"https:\\\/\\\/museosdealicante.com\\\/mubag-museo\\\/#breadcrumb\",\"itemListElement\":[{\"@type\":\"ListItem\",\"position\":1,\"name\":\"Portada\",\"item\":\"https:\\\/\\\/museosdealicante.com\\\/\"},{\"@type\":\"ListItem\",\"position\":2,\"name\":\"MUBAG\"}]},{\"@type\":\"WebSite\",\"@id\":\"https:\\\/\\\/museosdealicante.com\\\/#website\",\"url\":\"https:\\\/\\\/museosdealicante.com\\\/\",\"name\":\"MUSEA | Museos de Alicante\",\"description\":\"Toda la oferta sobre arte, cultura y patrimonio de la ciudad, toda la actualidad de los museos de Alicante\",\"potentialAction\":[{\"@type\":\"SearchAction\",\"target\":{\"@type\":\"EntryPoint\",\"urlTemplate\":\"https:\\\/\\\/museosdealicante.com\\\/?s={search_term_string}\"},\"query-input\":{\"@type\":\"PropertyValueSpecification\",\"valueRequired\":true,\"valueName\":\"search_term_string\"}}],\"inLanguage\":\"ca\"}]}<\/script>\n<!-- \/ Yoast SEO plugin. -->","yoast_head_json":{"title":"MUBAG - MUSEA | Museos de Alicante","robots":{"index":"index","follow":"follow","max-snippet":"max-snippet:-1","max-image-preview":"max-image-preview:large","max-video-preview":"max-video-preview:-1"},"canonical":"https:\/\/museosdealicante.com\/va\/mubag-museo\/","og_locale":"ca_ES","og_type":"article","og_title":"MUBAG - MUSEA | Museos de Alicante","og_url":"https:\/\/museosdealicante.com\/va\/mubag-museo\/","og_site_name":"MUSEA | Museos de Alicante","article_modified_time":"2025-05-09T14:24:11+00:00","twitter_card":"summary_large_image","twitter_misc":{"Temps estimat de lectura":"3 minuts"},"schema":{"@context":"https:\/\/schema.org","@graph":[{"@type":"WebPage","@id":"https:\/\/museosdealicante.com\/mubag-museo\/","url":"https:\/\/museosdealicante.com\/mubag-museo\/","name":"MUBAG - MUSEA | Museos de Alicante","isPartOf":{"@id":"https:\/\/museosdealicante.com\/#website"},"datePublished":"2022-04-28T14:20:24+00:00","dateModified":"2025-05-09T14:24:11+00:00","breadcrumb":{"@id":"https:\/\/museosdealicante.com\/mubag-museo\/#breadcrumb"},"inLanguage":"ca","potentialAction":[{"@type":"ReadAction","target":["https:\/\/museosdealicante.com\/mubag-museo\/"]}]},{"@type":"BreadcrumbList","@id":"https:\/\/museosdealicante.com\/mubag-museo\/#breadcrumb","itemListElement":[{"@type":"ListItem","position":1,"name":"Portada","item":"https:\/\/museosdealicante.com\/"},{"@type":"ListItem","position":2,"name":"MUBAG"}]},{"@type":"WebSite","@id":"https:\/\/museosdealicante.com\/#website","url":"https:\/\/museosdealicante.com\/","name":"MUSEA | Museos de Alicante","description":"Toda la oferta sobre arte, cultura y patrimonio de la ciudad, toda la actualidad de los museos de Alicante","potentialAction":[{"@type":"SearchAction","target":{"@type":"EntryPoint","urlTemplate":"https:\/\/museosdealicante.com\/?s={search_term_string}"},"query-input":{"@type":"PropertyValueSpecification","valueRequired":true,"valueName":"search_term_string"}}],"inLanguage":"ca"}]}},"ticketed":false,"_links":{"self":[{"href":"https:\/\/museosdealicante.com\/va\/wp-json\/wp\/v2\/pages\/268","targetHints":{"allow":["GET"]}}],"collection":[{"href":"https:\/\/museosdealicante.com\/va\/wp-json\/wp\/v2\/pages"}],"about":[{"href":"https:\/\/museosdealicante.com\/va\/wp-json\/wp\/v2\/types\/page"}],"author":[{"embeddable":true,"href":"https:\/\/museosdealicante.com\/va\/wp-json\/wp\/v2\/users\/5"}],"replies":[{"embeddable":true,"href":"https:\/\/museosdealicante.com\/va\/wp-json\/wp\/v2\/comments?post=268"}],"version-history":[{"count":9,"href":"https:\/\/museosdealicante.com\/va\/wp-json\/wp\/v2\/pages\/268\/revisions"}],"predecessor-version":[{"id":3282,"href":"https:\/\/museosdealicante.com\/va\/wp-json\/wp\/v2\/pages\/268\/revisions\/3282"}],"wp:attachment":[{"href":"https:\/\/museosdealicante.com\/va\/wp-json\/wp\/v2\/media?parent=268"}],"curies":[{"name":"wp","href":"https:\/\/api.w.org\/{rel}","templated":true}]}}