{"id":294,"date":"2022-05-01T18:10:37","date_gmt":"2022-05-01T18:10:37","guid":{"rendered":"http:\/\/mda.marq.qwair.com\/?page_id=294"},"modified":"2022-06-15T11:06:36","modified_gmt":"2022-06-15T11:06:36","slug":"gil-albert-museo","status":"publish","type":"page","link":"https:\/\/museosdealicante.com\/va\/gil-albert-museo\/","title":{"rendered":"Gil-Albert"},"content":{"rendered":"<div data-vc-full-width=\"true\" data-vc-full-width-init=\"false\" data-vc-stretch-content=\"true\" data-vc-parallax=\"1.5\" class=\"vc_row wpb_row vc_row-fluid wpb_animate_when_almost_visible wpb_fadeIn fadeIn vc_custom_1651428829542 vc_row-has-fill vc_row-no-padding vc_row-o-equal-height vc_row-o-content-middle vc_row-flex vc_general vc_parallax vc_parallax-content-moving\"><div class=\"wpb_column vc_column_container vc_col-sm-12\"><div class=\"vc_column-inner vc_custom_1651153838978\"><div class=\"wpb_wrapper\">\n\t<div  class=\"wpb_single_image wpb_content_element vc_align_left  vc_custom_1651154244889\">\n\t\t\n\t\t<figure class=\"wpb_wrapper vc_figure\">\n\t\t\t<div class=\"vc_single_image-wrapper   vc_box_border_grey\"><img loading=\"lazy\" decoding=\"async\" width=\"658\" height=\"141\" src=\"https:\/\/museosdealicante.com\/wp-content\/uploads\/2022\/04\/ic-musea-slider-tr.png\" class=\"vc_single_image-img attachment-full\" alt=\"\" title=\"ic-musea-slider-tr\" srcset=\"https:\/\/museosdealicante.com\/wp-content\/uploads\/2022\/04\/ic-musea-slider-tr.png 658w, https:\/\/museosdealicante.com\/wp-content\/uploads\/2022\/04\/ic-musea-slider-tr-300x64.png 300w, https:\/\/museosdealicante.com\/wp-content\/uploads\/2022\/04\/ic-musea-slider-tr-260x56.png 260w, https:\/\/museosdealicante.com\/wp-content\/uploads\/2022\/04\/ic-musea-slider-tr-50x11.png 50w, https:\/\/museosdealicante.com\/wp-content\/uploads\/2022\/04\/ic-musea-slider-tr-150x32.png 150w\" sizes=\"auto, (max-width:767px) 480px, 658px\" \/><\/div>\n\t\t<\/figure>\n\t<\/div>\n<\/div><\/div><\/div><\/div><div class=\"vc_row-full-width vc_clearfix\"><\/div><div class=\"vc_row wpb_row vc_row-fluid\"><div class=\"wpb_column vc_column_container vc_col-sm-8\"><div class=\"vc_column-inner\"><div class=\"wpb_wrapper\">\n\t<div class=\"wpb_text_column wpb_content_element\" >\n\t\t<div class=\"wpb_wrapper\">\n\t\t\t<h1>INSTITUT<br \/>\nDE CULTURA<br \/>\nJUAN GIL-ALBERT<\/h1>\n<p><span style=\"font-weight: 400;\">L\u2019Institut Alacant\u00ed de Cultura Juan Gil-Albert, organisme aut\u00f2nom de la Diputaci\u00f3 d\u2019Alacant, \u00e9s\nuna entitat que organitza tota classe de manifestacions relacionades amb l\u2019\u00e0mbit de la cultura i de les ci\u00e8ncies jur\u00eddiques i socials: publicacions de llibres, ajudes a la investigaci\u00f3 i a revistes, congressos i seminaris tant nacionals com internacionals, cicles de confer\u00e8ncies i de debat,\nexposicions, tallers, teatre, concerts, convocat\u00f2ria de concursos d\u2019art, edici\u00f3 peri\u00f2dica de la revista <\/span><i><span style=\"font-weight: 400;\">Canelobre<\/span><\/i><span style=\"font-weight: 400;\"> constituci\u00f3 de fons documentals.<\/span><\/p>\n<p>&nbsp;<\/p>\n<p><span style=\"font-weight: 400;\">Disposa a m\u00e9s de servei de Biblioteca, amb m\u00e9s de 18.000 volums especialitzats\nfonamentalment en tem\u00e0tiques del Pa\u00eds Valenci\u00e0 i principalment de la prov\u00edncia d\u2019Alacant, i de\nconsulta del seu centre de documentaci\u00f3, en el qual s\u2019integren diversos llegats culturals.<\/span><\/p>\n<p><span style=\"font-weight: 400;\">T\u00e9 la seu a la Casa Bard\u00edn d\u2019Alacant, situada al carrer Sant Ferran 44, que acull el major nombre\nd\u2019actes, si b\u00e9 aquests s\u2019estenen a m\u00e9s amb una \u00e0mplia programaci\u00f3 en poblacions de totes les\ncomarques de la prov\u00edncia i, fins i tot, fora d\u2019aquesta.<\/span><\/p>\n<p><span style=\"font-weight: 400;\">La instituci\u00f3, creada l\u2019any 1953 com a Institut d\u2019Estudis Alacantins, va canviar el nom pel\nd\u2019Institut d\u2019Estudis Juan Gil-Albert el 1983, en homenatge a l\u2019esmentat escriptor alcoi\u00e0,\ndenominant-se actualment Institut Alacant\u00ed de Cultura Juan Gil-Albert.<\/span><\/p>\n<p><span style=\"font-weight: 400;\">Les activitats realitzades per l\u2019entitat s\u00f3n d\u2019organitzaci\u00f3 pr\u00f2pia o de coorganitzaci\u00f3 amb\ninstitucions amb les quals mant\u00e9 un conveni marc: Universitat d\u2019Alacant, Universitat Miguel\nHern\u00e1ndez d\u2019Elx, Fundaci\u00f3 Caja Mediterr\u00e1neo, i Fundaci\u00f3 Biblioteca Virtual Miguel de\nCervantes.<\/span><\/p>\n<p><span style=\"font-weight: 400;\">D\u2019altra banda, el IAC Juan Gil-Albert convoca peri\u00f2dicament els centres i associacions d\u2019estudis locals i comarcals de la prov\u00edncia d\u2019Alacant en el denominat Espai Enric Valor.<\/span><\/p>\n<p><span style=\"font-weight: 400;\">El IAC Juan Gil-Albert forma part de la Confederaci\u00f3 Espanyola de Centres d\u2019Estudis Locals (CECEL), adscrita al Consell Superior d\u2019Investigacions Cient\u00edfiques (CSIC).<\/span><\/p>\n\n\t\t<\/div>\n\t<\/div>\n<div class=\"vc_btn3-container vc_btn3-inline\" ><a class=\"vc_general vc_btn3 vc_btn3-size-md vc_btn3-shape-rounded vc_btn3-style-modern vc_btn3-color-blue\" href=\"http:\/\/www.iacjuangilalbert.com\/\" title=\"\" target=\"_blank\">ACCEDEIX A LA WEB DEL MUSEU<\/a><\/div><\/div><\/div><\/div><div class=\"wpb_column vc_column_container vc_col-sm-4 vc_col-has-fill\"><div class=\"vc_column-inner vc_custom_1651044019480\"><div class=\"wpb_wrapper\"><div class=\"vc_empty_space\"   style=\"height: 32px\"><span class=\"vc_empty_space_inner\"><\/span><\/div>\n\t<div  class=\"wpb_single_image wpb_content_element vc_align_center  vc_custom_1651428277907\">\n\t\t\n\t\t<figure class=\"wpb_wrapper vc_figure\">\n\t\t\t<div class=\"vc_single_image-wrapper   vc_box_border_grey\"><img loading=\"lazy\" decoding=\"async\" width=\"300\" height=\"300\" src=\"https:\/\/museosdealicante.com\/wp-content\/uploads\/2022\/05\/GIL-ALBERT.png\" class=\"vc_single_image-img attachment-full\" alt=\"\" title=\"GIL-ALBERT+\" srcset=\"https:\/\/museosdealicante.com\/wp-content\/uploads\/2022\/05\/GIL-ALBERT.png 300w, https:\/\/museosdealicante.com\/wp-content\/uploads\/2022\/05\/GIL-ALBERT-150x150.png 150w, https:\/\/museosdealicante.com\/wp-content\/uploads\/2022\/05\/GIL-ALBERT-146x146.png 146w, https:\/\/museosdealicante.com\/wp-content\/uploads\/2022\/05\/GIL-ALBERT-50x50.png 50w, https:\/\/museosdealicante.com\/wp-content\/uploads\/2022\/05\/GIL-ALBERT-75x75.png 75w, https:\/\/museosdealicante.com\/wp-content\/uploads\/2022\/05\/GIL-ALBERT-85x85.png 85w, https:\/\/museosdealicante.com\/wp-content\/uploads\/2022\/05\/GIL-ALBERT-80x80.png 80w\" sizes=\"auto, (max-width:767px) 300px, 300px\" \/><\/div>\n\t\t<\/figure>\n\t<\/div>\n<div class=\"vc_separator wpb_content_element vc_separator_align_center vc_sep_width_100 vc_sep_pos_align_center vc_separator_no_text vc_sep_color_grey\" ><span class=\"vc_sep_holder vc_sep_holder_l\"><span  class=\"vc_sep_line\"><\/span><\/span><span class=\"vc_sep_holder vc_sep_holder_r\"><span  class=\"vc_sep_line\"><\/span><\/span>\n<\/div><div class=\"vc_tta-container\" data-vc-action=\"collapseAll\"><div class=\"vc_general vc_tta vc_tta-accordion vc_tta-color-grey vc_tta-style-modern vc_tta-shape-rounded vc_tta-spacing-1 vc_tta-controls-align-left vc_tta-o-all-clickable\"><div class=\"vc_tta-panels-container\"><div class=\"vc_tta-panels\"><div class=\"vc_tta-panel\" id=\"1645812543536-c9468f26-2cd4\" data-vc-content=\".vc_tta-panel-body\"><div class=\"vc_tta-panel-heading\"><h4 class=\"vc_tta-panel-title vc_tta-controls-icon-position-left\"><a href=\"#1645812543536-c9468f26-2cd4\" data-vc-accordion data-vc-container=\".vc_tta-container\"><span class=\"vc_tta-title-text\">Localitzaci\u00f3<\/span><i class=\"vc_tta-controls-icon vc_tta-controls-icon-triangle\"><\/i><\/a><\/h4><\/div><div class=\"vc_tta-panel-body\">\n\t<div class=\"wpb_text_column wpb_content_element\" >\n\t\t<div class=\"wpb_wrapper\">\n\t\t\t<p><iframe loading=\"lazy\" style=\"border: 0;\" src=\"https:\/\/www.google.com\/maps\/embed?pb=!1m18!1m12!1m3!1d3129.2716067930714!2d-0.488248984430592!3d38.34269518705349!2m3!1f0!2f0!3f0!3m2!1i1024!2i768!4f13.1!3m3!1m2!1s0xd6237b370ec526b%3A0xd296e26c6152cc07!2sInstituto%20Alicantino%20de%20Cultura%20Juan%20Gil-Albert!5e0!3m2!1ses!2ses!4v1651428367833!5m2!1ses!2ses\" width=\"600\" height=\"450\" allowfullscreen=\"allowfullscreen\"><\/iframe><\/p>\n<p><strong>INSTITUT DE CULTURA JUAN GIL ALBERT<\/strong><br \/>\nCarrer Sant Carles 78<\/p>\n<p>&nbsp;<\/p>\n<p>C\/ Sant Ferran 44, Alacant. 03001<\/p>\n\n\t\t<\/div>\n\t<\/div>\n<\/div><\/div><div class=\"vc_tta-panel\" id=\"1645812685229-285f0fea-1870\" data-vc-content=\".vc_tta-panel-body\"><div class=\"vc_tta-panel-heading\"><h4 class=\"vc_tta-panel-title vc_tta-controls-icon-position-left\"><a href=\"#1645812685229-285f0fea-1870\" data-vc-accordion data-vc-container=\".vc_tta-container\"><span class=\"vc_tta-title-text\">Horari<\/span><i class=\"vc_tta-controls-icon vc_tta-controls-icon-triangle\"><\/i><\/a><\/h4><\/div><div class=\"vc_tta-panel-body\">\n\t<div class=\"wpb_text_column wpb_content_element\" >\n\t\t<div class=\"wpb_wrapper\">\n\t\t\t<p>Horari: De dilluns a divendres de 09.00 a 14.00 i de 16.00 a 20.00<\/p>\n\n\t\t<\/div>\n\t<\/div>\n<\/div><\/div><div class=\"vc_tta-panel\" id=\"1645812543544-6c89ffee-eb30\" data-vc-content=\".vc_tta-panel-body\"><div class=\"vc_tta-panel-heading\"><h4 class=\"vc_tta-panel-title vc_tta-controls-icon-position-left\"><a href=\"#1645812543544-6c89ffee-eb30\" data-vc-accordion data-vc-container=\".vc_tta-container\"><span class=\"vc_tta-title-text\">Contacte<\/span><i class=\"vc_tta-controls-icon vc_tta-controls-icon-triangle\"><\/i><\/a><\/h4><\/div><div class=\"vc_tta-panel-body\">\n\t<div class=\"wpb_text_column wpb_content_element\" >\n\t\t<div class=\"wpb_wrapper\">\n\t\t\t<div class=\"field field-name-field-ubicacion-telefono field-type-text field-label-inline clearfix\">\n<div class=\"field-label\">\n<p><strong>Tel\u00e8fon: 965 12 12 14<\/strong><\/p>\n<p><a href=\"mailto:galbert@diputacionalicante.es\">\u00a0 galbert@diputacionalicante.es<\/a><\/p>\n<p><a href=\"http:\/\/www.iacjuangilalbert.com\/\">\u00a0 www.iacjuangilalbert.com<\/a><\/p>\n<\/div>\n<\/div>\n<div class=\"field field-name-field-contacto-web field-type-link-field field-label-inline clearfix\">\n<div class=\"field-items\"><\/div>\n<\/div>\n\n\t\t<\/div>\n\t<\/div>\n<\/div><\/div><\/div><\/div><\/div><\/div><\/div><\/div><\/div><\/div>","protected":false},"excerpt":{"rendered":"INSTITUTO DE CULTURA JUAN GIL-ALBERT El Instituto Alicantino de Cultura Juan Gil-Albert, organismo aut\u00f3nomo de la Diputaci\u00f3n de Alicante, es una entidad que organiza toda clase de manifestaciones relacionadas<span class=\"excerpt-hellip\"> [\u2026]<\/span>","protected":false},"author":9,"featured_media":0,"parent":0,"menu_order":0,"comment_status":"closed","ping_status":"closed","template":"","meta":{"_price":"","_stock":"","_tribe_ticket_header":"","_tribe_default_ticket_provider":"","_tribe_ticket_capacity":"0","_ticket_start_date":"","_ticket_end_date":"","_tribe_ticket_show_description":"","_tribe_ticket_show_not_going":false,"_tribe_ticket_use_global_stock":"","_tribe_ticket_global_stock_level":"","_global_stock_mode":"","_global_stock_cap":"","_tribe_rsvp_for_event":"","_tribe_ticket_going_count":"","_tribe_ticket_not_going_count":"","_tribe_tickets_list":"[]","_tribe_ticket_has_attendee_info_fields":false,"footnotes":"","_tec_slr_enabled":"","_tec_slr_layout":""},"class_list":["post-294","page","type-page","status-publish","hentry"],"yoast_head":"<!-- This site is optimized with the Yoast SEO plugin v27.3 - https:\/\/yoast.com\/product\/yoast-seo-wordpress\/ -->\n<title>Gil-Albert - MUSEA | Museos de Alicante<\/title>\n<meta name=\"robots\" content=\"index, follow, max-snippet:-1, max-image-preview:large, max-video-preview:-1\" \/>\n<link rel=\"canonical\" href=\"https:\/\/museosdealicante.com\/va\/gil-albert-museo\/\" \/>\n<meta property=\"og:locale\" content=\"ca_ES\" \/>\n<meta property=\"og:type\" content=\"article\" \/>\n<meta property=\"og:title\" content=\"Gil-Albert - MUSEA | Museos de Alicante\" \/>\n<meta property=\"og:url\" content=\"https:\/\/museosdealicante.com\/va\/gil-albert-museo\/\" \/>\n<meta property=\"og:site_name\" content=\"MUSEA | Museos de Alicante\" \/>\n<meta property=\"article:modified_time\" content=\"2022-06-15T11:06:36+00:00\" \/>\n<meta name=\"twitter:card\" content=\"summary_large_image\" \/>\n<meta name=\"twitter:label1\" content=\"Temps estimat de lectura\" \/>\n\t<meta name=\"twitter:data1\" content=\"3 minuts\" \/>\n<script type=\"application\/ld+json\" class=\"yoast-schema-graph\">{\"@context\":\"https:\\\/\\\/schema.org\",\"@graph\":[{\"@type\":\"WebPage\",\"@id\":\"https:\\\/\\\/museosdealicante.com\\\/gil-albert-museo\\\/\",\"url\":\"https:\\\/\\\/museosdealicante.com\\\/gil-albert-museo\\\/\",\"name\":\"Gil-Albert - MUSEA | Museos de Alicante\",\"isPartOf\":{\"@id\":\"https:\\\/\\\/museosdealicante.com\\\/#website\"},\"datePublished\":\"2022-05-01T18:10:37+00:00\",\"dateModified\":\"2022-06-15T11:06:36+00:00\",\"breadcrumb\":{\"@id\":\"https:\\\/\\\/museosdealicante.com\\\/gil-albert-museo\\\/#breadcrumb\"},\"inLanguage\":\"ca\",\"potentialAction\":[{\"@type\":\"ReadAction\",\"target\":[\"https:\\\/\\\/museosdealicante.com\\\/gil-albert-museo\\\/\"]}]},{\"@type\":\"BreadcrumbList\",\"@id\":\"https:\\\/\\\/museosdealicante.com\\\/gil-albert-museo\\\/#breadcrumb\",\"itemListElement\":[{\"@type\":\"ListItem\",\"position\":1,\"name\":\"Portada\",\"item\":\"https:\\\/\\\/museosdealicante.com\\\/\"},{\"@type\":\"ListItem\",\"position\":2,\"name\":\"Gil-Albert\"}]},{\"@type\":\"WebSite\",\"@id\":\"https:\\\/\\\/museosdealicante.com\\\/#website\",\"url\":\"https:\\\/\\\/museosdealicante.com\\\/\",\"name\":\"MUSEA | Museos de Alicante\",\"description\":\"Toda la oferta sobre arte, cultura y patrimonio de la ciudad, toda la actualidad de los museos de Alicante\",\"potentialAction\":[{\"@type\":\"SearchAction\",\"target\":{\"@type\":\"EntryPoint\",\"urlTemplate\":\"https:\\\/\\\/museosdealicante.com\\\/?s={search_term_string}\"},\"query-input\":{\"@type\":\"PropertyValueSpecification\",\"valueRequired\":true,\"valueName\":\"search_term_string\"}}],\"inLanguage\":\"ca\"}]}<\/script>\n<!-- \/ Yoast SEO plugin. -->","yoast_head_json":{"title":"Gil-Albert - MUSEA | Museos de Alicante","robots":{"index":"index","follow":"follow","max-snippet":"max-snippet:-1","max-image-preview":"max-image-preview:large","max-video-preview":"max-video-preview:-1"},"canonical":"https:\/\/museosdealicante.com\/va\/gil-albert-museo\/","og_locale":"ca_ES","og_type":"article","og_title":"Gil-Albert - MUSEA | Museos de Alicante","og_url":"https:\/\/museosdealicante.com\/va\/gil-albert-museo\/","og_site_name":"MUSEA | Museos de Alicante","article_modified_time":"2022-06-15T11:06:36+00:00","twitter_card":"summary_large_image","twitter_misc":{"Temps estimat de lectura":"3 minuts"},"schema":{"@context":"https:\/\/schema.org","@graph":[{"@type":"WebPage","@id":"https:\/\/museosdealicante.com\/gil-albert-museo\/","url":"https:\/\/museosdealicante.com\/gil-albert-museo\/","name":"Gil-Albert - MUSEA | Museos de Alicante","isPartOf":{"@id":"https:\/\/museosdealicante.com\/#website"},"datePublished":"2022-05-01T18:10:37+00:00","dateModified":"2022-06-15T11:06:36+00:00","breadcrumb":{"@id":"https:\/\/museosdealicante.com\/gil-albert-museo\/#breadcrumb"},"inLanguage":"ca","potentialAction":[{"@type":"ReadAction","target":["https:\/\/museosdealicante.com\/gil-albert-museo\/"]}]},{"@type":"BreadcrumbList","@id":"https:\/\/museosdealicante.com\/gil-albert-museo\/#breadcrumb","itemListElement":[{"@type":"ListItem","position":1,"name":"Portada","item":"https:\/\/museosdealicante.com\/"},{"@type":"ListItem","position":2,"name":"Gil-Albert"}]},{"@type":"WebSite","@id":"https:\/\/museosdealicante.com\/#website","url":"https:\/\/museosdealicante.com\/","name":"MUSEA | Museos de Alicante","description":"Toda la oferta sobre arte, cultura y patrimonio de la ciudad, toda la actualidad de los museos de Alicante","potentialAction":[{"@type":"SearchAction","target":{"@type":"EntryPoint","urlTemplate":"https:\/\/museosdealicante.com\/?s={search_term_string}"},"query-input":{"@type":"PropertyValueSpecification","valueRequired":true,"valueName":"search_term_string"}}],"inLanguage":"ca"}]}},"ticketed":false,"_links":{"self":[{"href":"https:\/\/museosdealicante.com\/va\/wp-json\/wp\/v2\/pages\/294","targetHints":{"allow":["GET"]}}],"collection":[{"href":"https:\/\/museosdealicante.com\/va\/wp-json\/wp\/v2\/pages"}],"about":[{"href":"https:\/\/museosdealicante.com\/va\/wp-json\/wp\/v2\/types\/page"}],"author":[{"embeddable":true,"href":"https:\/\/museosdealicante.com\/va\/wp-json\/wp\/v2\/users\/9"}],"replies":[{"embeddable":true,"href":"https:\/\/museosdealicante.com\/va\/wp-json\/wp\/v2\/comments?post=294"}],"version-history":[{"count":10,"href":"https:\/\/museosdealicante.com\/va\/wp-json\/wp\/v2\/pages\/294\/revisions"}],"predecessor-version":[{"id":706,"href":"https:\/\/museosdealicante.com\/va\/wp-json\/wp\/v2\/pages\/294\/revisions\/706"}],"wp:attachment":[{"href":"https:\/\/museosdealicante.com\/va\/wp-json\/wp\/v2\/media?parent=294"}],"curies":[{"name":"wp","href":"https:\/\/api.w.org\/{rel}","templated":true}]}}