{"id":310,"date":"2022-05-01T18:47:20","date_gmt":"2022-05-01T18:47:20","guid":{"rendered":"http:\/\/mda.marq.qwair.com\/?page_id=310"},"modified":"2022-06-01T05:29:58","modified_gmt":"2022-06-01T05:29:58","slug":"santa-barbara-museo","status":"publish","type":"page","link":"https:\/\/museosdealicante.com\/va\/santa-barbara-museo\/","title":{"rendered":"Museu de la Ciutat MUSA"},"content":{"rendered":"<div data-vc-full-width=\"true\" data-vc-full-width-init=\"false\" data-vc-stretch-content=\"true\" data-vc-parallax=\"1.5\" class=\"vc_row wpb_row vc_row-fluid wpb_animate_when_almost_visible wpb_fadeIn fadeIn vc_custom_1652278851493 vc_row-has-fill vc_row-no-padding vc_row-o-equal-height vc_row-o-content-middle vc_row-flex vc_general vc_parallax vc_parallax-content-moving\"><div class=\"wpb_column vc_column_container vc_col-sm-12\"><div class=\"vc_column-inner vc_custom_1651153838978\"><div class=\"wpb_wrapper\">\n\t<div  class=\"wpb_single_image wpb_content_element vc_align_left  vc_custom_1651154244889\">\n\t\t\n\t\t<figure class=\"wpb_wrapper vc_figure\">\n\t\t\t<div class=\"vc_single_image-wrapper   vc_box_border_grey\"><img loading=\"lazy\" decoding=\"async\" width=\"658\" height=\"141\" src=\"https:\/\/museosdealicante.com\/wp-content\/uploads\/2022\/04\/ic-musea-slider-tr.png\" class=\"vc_single_image-img attachment-full\" alt=\"\" title=\"ic-musea-slider-tr\" srcset=\"https:\/\/museosdealicante.com\/wp-content\/uploads\/2022\/04\/ic-musea-slider-tr.png 658w, https:\/\/museosdealicante.com\/wp-content\/uploads\/2022\/04\/ic-musea-slider-tr-300x64.png 300w, https:\/\/museosdealicante.com\/wp-content\/uploads\/2022\/04\/ic-musea-slider-tr-260x56.png 260w, https:\/\/museosdealicante.com\/wp-content\/uploads\/2022\/04\/ic-musea-slider-tr-50x11.png 50w, https:\/\/museosdealicante.com\/wp-content\/uploads\/2022\/04\/ic-musea-slider-tr-150x32.png 150w\" sizes=\"auto, (max-width:767px) 480px, 658px\" \/><\/div>\n\t\t<\/figure>\n\t<\/div>\n<\/div><\/div><\/div><\/div><div class=\"vc_row-full-width vc_clearfix\"><\/div><div class=\"vc_row wpb_row vc_row-fluid\"><div class=\"wpb_column vc_column_container vc_col-sm-8\"><div class=\"vc_column-inner\"><div class=\"wpb_wrapper\">\n\t<div class=\"wpb_text_column wpb_content_element\" >\n\t\t<div class=\"wpb_wrapper\">\n\t\t\t<h1><span style=\"font-weight: 400;\">Museu de la Ciutat<br \/>\n<\/span><strong>MUSA<\/strong><\/h1>\n<div>Situat en diverses estades del Castell de Santa B\u00e0rbara, est\u00e0 integrat per cinc sales, que es complementen amb l\u2019aljub renaixentista l\u2019entrada del qual est\u00e0 en el baluard de Santa Ana, sota el pati d\u2019armes, els calabossos, l\u2019entrada dels quals se situa en el mateix pati d\u2019armes de l\u2019Albacar Vell, i que arreplega una mostra titulada \u201cEspai del dolor\u201d, i la \u201cCova del ruc\u201d, cavitat excavada en el fossat sota l\u2019estructura del Matxo del Castell.<br \/>\nSALES QUE FORMEN EL MUSEU DE LA CIUTAT MUSA<strong>1. Edifici Cos d\u2019Enginyers <\/strong><br \/>\nRehabilitat com a Centre de Recepci\u00f3 de Visitants, aquest hist\u00f2ric immoble cont\u00e9 una exposici\u00f3 amb restes arqueol\u00f2giques de diferents \u00e8poques de la ciutat, i un audiovisual en pantalla gran sobre l\u2019evoluci\u00f3 hist\u00f2rica d\u2019Alacant. Destaca el conjunt decoratiu del s\u00f2l, fet en vidre amb gravats que dibuixen diferents figures al\u00b7lusives a grafits hist\u00f2rics apareguts a la ciutat.<\/div>\n<div><strong>2. Antic Hospital. Alberga l\u2019exposici\u00f3 \u201cAlacant traspassada al Mediterrani\u201d<\/strong><br \/>\nDesenvolupa la idea de la mar Mediterr\u00e0nia com a marc hist\u00f2ric per a explicar esdeveniments d\u2019\u00edndole local. Posa l\u2019\u00e8mfasi en la vinculaci\u00f3 de la ciutat amb el Mare Nostrum intercalant materials arqueol\u00f2gics i etnogr\u00e0fics, il\u00b7lustrats amb cites i fragments literaris. La mostra evidencia la intensa relaci\u00f3 de la ciutat amb una mar plena d\u2019hist\u00f2ria i cultura.<\/div>\n<div><strong>3. Sala Llarga. Exhibeix l\u2019exposici\u00f3 \u201cHist\u00f2ries i persones\u201d<\/strong><br \/>\nAmb dos espais diferenciats. Un mostra escuts de pedra, l\u00e0pides i her\u00e0ldica; l\u2019altre, una s\u00e8rie fotogr\u00e0fica d\u2019Alacant, la seua gent i tradicions. Al fons de la sala es veu una de les antigues entrades medievals a la fortalesa. Al costat d\u2019aquesta s\u2019al\u00e7a una pantalla interactiva per a aprofundir sobre aquestes \u201chist\u00f2ries\u201d i persones d\u2019Alacant, en la qual es podran obtenir dades de cognoms i professions dels alacantins al llarg del temps.<\/div>\n<div><strong>4. Sales de la Mina o la Cova dels Anglesos<\/strong><br \/>\nExposici\u00f3 \u201cL\u2019explosi\u00f3 de la mina\u201d durant la Guerra de Successi\u00f3 1701 \u2013 1713. Hi ha tres petites sales. La de l\u2019esquerra presenta una pantalla de televisi\u00f3 per a exhibir audiovisuals de tem\u00e0tica al\u00b7lusiva a aquests fets hist\u00f2rics. S\u2019hi observa una filmaci\u00f3 amb figures animades sobre els successos que van fer eclosi\u00f3 en l\u2019esclat de la mina. La sala central conserva la instal\u00b7laci\u00f3 Tela d\u2019Aranya, de metall, una obra escult\u00f2rica rellevant. La sala de la dreta exhibeix expositors i l\u00e0mines amb documentaci\u00f3 dels diferents setges a la ciutat d\u2019Alacant i el seu castell en aquella guerra que va tenir lloc a principis del segle XVIII i que va ser transcendental per a la hist\u00f2ria d\u2019Espanya i el Pa\u00eds Valenci\u00e0.<\/div>\n<div><strong>5. Casa del Governador<\/strong><br \/>\nEn els diferents espais habilitats s\u2019exhibeix un conjunt de material arqueol\u00f2gic procedent de jaciments d\u2019Alacant titulat \u201cCer\u00e0mica i art. L\u2019art de les petites coses\u00bb. En l\u2019avantsala, amb\ncar\u00e0cter did\u00e0ctic, es pot veure un gran mural amb 2.162 fragments cer\u00e0mics de totes les\n\u00e8poques. En la gran sala voltada s\u2019exhibeixen materials arqueol\u00f2gics que recorren\ncronol\u00f2gicament per\u00edodes des del neol\u00edtic fins a l\u2019edat contempor\u00e0nia. I finalment, cal destacar la gran terrassa exterior, en la qual, a part de l\u2019\u00fas cultural, es pot gaudir del fant\u00e0stic paisatge urb\u00e0 i mar\u00ed que des de la fortalesa s\u2019hi veu.<\/div>\n\n\t\t<\/div>\n\t<\/div>\n<div class=\"vc_btn3-container vc_btn3-inline\" ><a class=\"vc_general vc_btn3 vc_btn3-size-md vc_btn3-shape-rounded vc_btn3-style-modern vc_btn3-color-blue\" href=\"https:\/\/www.alicanteturismo.com\/museo-de-la-ciudad-de-alicante-musa\/\" title=\"\" target=\"_blank\">ACCEDEIX A LA WEB DEL MUSEU<\/a><\/div><\/div><\/div><\/div><div class=\"wpb_column vc_column_container vc_col-sm-4 vc_col-has-fill\"><div class=\"vc_column-inner vc_custom_1651044019480\"><div class=\"wpb_wrapper\"><div class=\"vc_empty_space\"   style=\"height: 32px\"><span class=\"vc_empty_space_inner\"><\/span><\/div>\n\t<div  class=\"wpb_single_image wpb_content_element vc_align_center  vc_custom_1652278877805\">\n\t\t\n\t\t<figure class=\"wpb_wrapper vc_figure\">\n\t\t\t<div class=\"vc_single_image-wrapper   vc_box_border_grey\"><img loading=\"lazy\" decoding=\"async\" width=\"300\" height=\"300\" src=\"https:\/\/museosdealicante.com\/wp-content\/uploads\/2022\/05\/STABARABARA.png\" class=\"vc_single_image-img attachment-full\" alt=\"\" title=\"STABARABARA+\" srcset=\"https:\/\/museosdealicante.com\/wp-content\/uploads\/2022\/05\/STABARABARA.png 300w, https:\/\/museosdealicante.com\/wp-content\/uploads\/2022\/05\/STABARABARA-150x150.png 150w, https:\/\/museosdealicante.com\/wp-content\/uploads\/2022\/05\/STABARABARA-146x146.png 146w, https:\/\/museosdealicante.com\/wp-content\/uploads\/2022\/05\/STABARABARA-50x50.png 50w, https:\/\/museosdealicante.com\/wp-content\/uploads\/2022\/05\/STABARABARA-75x75.png 75w, https:\/\/museosdealicante.com\/wp-content\/uploads\/2022\/05\/STABARABARA-85x85.png 85w, https:\/\/museosdealicante.com\/wp-content\/uploads\/2022\/05\/STABARABARA-80x80.png 80w\" sizes=\"auto, (max-width:767px) 300px, 300px\" \/><\/div>\n\t\t<\/figure>\n\t<\/div>\n<div class=\"vc_separator wpb_content_element vc_separator_align_center vc_sep_width_100 vc_sep_pos_align_center vc_separator_no_text vc_sep_color_grey\" ><span class=\"vc_sep_holder vc_sep_holder_l\"><span  class=\"vc_sep_line\"><\/span><\/span><span class=\"vc_sep_holder vc_sep_holder_r\"><span  class=\"vc_sep_line\"><\/span><\/span>\n<\/div><div class=\"vc_tta-container\" data-vc-action=\"collapseAll\"><div class=\"vc_general vc_tta vc_tta-accordion vc_tta-color-grey vc_tta-style-modern vc_tta-shape-rounded vc_tta-spacing-1 vc_tta-controls-align-left vc_tta-o-all-clickable\"><div class=\"vc_tta-panels-container\"><div class=\"vc_tta-panels\"><div class=\"vc_tta-panel\" id=\"1645812543536-c9468f26-2cd4\" data-vc-content=\".vc_tta-panel-body\"><div class=\"vc_tta-panel-heading\"><h4 class=\"vc_tta-panel-title vc_tta-controls-icon-position-left\"><a href=\"#1645812543536-c9468f26-2cd4\" data-vc-accordion data-vc-container=\".vc_tta-container\"><span class=\"vc_tta-title-text\">Localitzaci\u00f3<\/span><i class=\"vc_tta-controls-icon vc_tta-controls-icon-triangle\"><\/i><\/a><\/h4><\/div><div class=\"vc_tta-panel-body\">\n\t<div class=\"wpb_text_column wpb_content_element\" >\n\t\t<div class=\"wpb_wrapper\">\n\t\t\t<p><iframe loading=\"lazy\" style=\"border: 0;\" src=\"https:\/\/www.google.com\/maps\/embed?pb=!1m14!1m8!1m3!1d12515.824073866233!2d-0.478056!3d38.35!3m2!1i1024!2i768!4f13.1!3m3!1m2!1s0x0%3A0x3298d67b9d9bf38f!2sMuseo%20de%20la%20Ciudad%20de%20Alicante%20MUSA!5e0!3m2!1ses!2ses!4v1652278611640!5m2!1ses!2ses\" width=\"600\" height=\"450\" allowfullscreen=\"allowfullscreen\"><\/iframe><\/p>\n<p><strong>MUSA, Museu de la Ciutat<\/strong><br \/>\nMuntanya Benacantil, 03016 Alicante<\/p>\n\n\t\t<\/div>\n\t<\/div>\n<\/div><\/div><div class=\"vc_tta-panel\" id=\"1645812685229-285f0fea-1870\" data-vc-content=\".vc_tta-panel-body\"><div class=\"vc_tta-panel-heading\"><h4 class=\"vc_tta-panel-title vc_tta-controls-icon-position-left\"><a href=\"#1645812685229-285f0fea-1870\" data-vc-accordion data-vc-container=\".vc_tta-container\"><span class=\"vc_tta-title-text\">Horari<\/span><i class=\"vc_tta-controls-icon vc_tta-controls-icon-triangle\"><\/i><\/a><\/h4><\/div><div class=\"vc_tta-panel-body\">\n\t<div class=\"wpb_text_column wpb_content_element\" >\n\t\t<div class=\"wpb_wrapper\">\n\t\t\t<p><b>Horari del Castell de Santa B\u00e0rbara\u00a0<\/b><\/p>\n<p><span style=\"font-weight: 400;\">10,00 \u2013 20,00 hores (tots els dies, excepte dilluns)\u00a0<\/span><\/p>\n<p><b>Acc\u00e9s al Castell: <\/b><span style=\"font-weight: 400;\">gratu\u00eft\u00a0<\/span><\/p>\n<p><b>Horari dels ascensors del Castell\u00a0<\/b><\/p>\n<p><span style=\"font-weight: 400;\">General de 10:00 a 19:40 h.\u00a0<\/span><\/p>\n<p><span style=\"font-weight: 400;\">\u00daltim ascensor de pujada: 19.20 h.\u00a0<\/span><\/p>\n<p><span style=\"font-weight: 400;\">\u00daltim ascensor de baixada: 19.40 h.\u00a0<\/span><\/p>\n<p><span style=\"font-weight: 400;\">Situats davant de la platja del Postiguet, en l\u2019avinguda Juan Bautista Lafora.\u00a0<\/span><\/p>\n<p><b>Preu dels ascensors\u00a0<\/b><\/p>\n<p><span style=\"font-weight: 400;\">General, 2,70 \u20ac.\u00a0<\/span><\/p>\n<p><span style=\"font-weight: 400;\">Gratu\u00eft per a pensionistes de jubilaci\u00f3 que acrediten aquesta condici\u00f3 mitjan\u00e7ant document.\u00a0<\/span><\/p>\n<p><b>Com arribar al Castell i al MUSA\u00a0<\/b><\/p>\n<p><span style=\"font-weight: 400;\">L\u2019acc\u00e9s al castell es fa a trav\u00e9s de l\u2019ascensor excavat en la roca, que es troba davant de la platja del Postiguet, o b\u00e9 a peu, a trav\u00e9s d\u2019una carretera convencional pel carrer V\u00e1zquez de Mella.\u00a0<\/span><\/p>\n<p><span style=\"font-weight: 400;\">Tamb\u00e9 es pot accedir a peu pel <\/span><b>parc de l\u2019Ereta,<\/b><span style=\"font-weight: 400;\">un atractiu espai a l\u2019aire lliure que compta amb\nrestaurant, una cafeteria i una sala d\u2019exposicions.\u00a0<\/span><\/p>\n<p><span style=\"font-weight: 400;\">Acc\u00e9s als ascensors del Castell: Av. Juan Bautista Lafora s\/n. 03002 Acc\u00e9s per carretera. Carrer\nV\u00e1zquez de Mella, s\/n. 03013 <\/span><\/p>\n\n\t\t<\/div>\n\t<\/div>\n<\/div><\/div><div class=\"vc_tta-panel\" id=\"1645812543544-6c89ffee-eb30\" data-vc-content=\".vc_tta-panel-body\"><div class=\"vc_tta-panel-heading\"><h4 class=\"vc_tta-panel-title vc_tta-controls-icon-position-left\"><a href=\"#1645812543544-6c89ffee-eb30\" data-vc-accordion data-vc-container=\".vc_tta-container\"><span class=\"vc_tta-title-text\">Contacte<\/span><i class=\"vc_tta-controls-icon vc_tta-controls-icon-triangle\"><\/i><\/a><\/h4><\/div><div class=\"vc_tta-panel-body\">\n\t<div class=\"wpb_text_column wpb_content_element\" >\n\t\t<div class=\"wpb_wrapper\">\n\t\t\t<div class=\"field field-name-field-ubicacion-telefono field-type-text field-label-inline clearfix\">\n<div class=\"field-label\">\n<p><span style=\"font-weight: 400;\">Alacant <\/span><b>Tel\u00e8fon: <\/b><span style=\"font-weight: 400;\">Regidoria de Cultura <\/span><b>965147160\u00a0<\/b><\/p>\n<p><b>E-mail: <\/b><span style=\"font-weight: 400;\">cultura.patrimonio@alicante.es<\/span><span style=\"font-weight: 400;\">\u00a0<\/span><\/p>\n<p><b>Web: <\/b><span style=\"font-weight: 400;\">www.alicante.es\/es\/equipamientos\/museo-ciudad-alicante-musa<\/span><\/p>\n<\/div>\n<\/div>\n<div class=\"field field-name-field-contacto-web field-type-link-field field-label-inline clearfix\">\n<div class=\"field-items\"><\/div>\n<\/div>\n\n\t\t<\/div>\n\t<\/div>\n<\/div><\/div><\/div><\/div><\/div><\/div><\/div><\/div><\/div><\/div>","protected":false},"excerpt":{"rendered":"Museo de la Ciudad MUSA Ubicado en varias estancias del Castillo de Santa B\u00e1rbara, est\u00e1 integrado por cinco salas, que se complementan con el Aljibe renacentista cuya entrada est\u00e1<span class=\"excerpt-hellip\"> [\u2026]<\/span>","protected":false},"author":12,"featured_media":0,"parent":0,"menu_order":0,"comment_status":"closed","ping_status":"closed","template":"","meta":{"_price":"","_stock":"","_tribe_ticket_header":"","_tribe_default_ticket_provider":"","_tribe_ticket_capacity":"0","_ticket_start_date":"","_ticket_end_date":"","_tribe_ticket_show_description":"","_tribe_ticket_show_not_going":false,"_tribe_ticket_use_global_stock":"","_tribe_ticket_global_stock_level":"","_global_stock_mode":"","_global_stock_cap":"","_tribe_rsvp_for_event":"","_tribe_ticket_going_count":"","_tribe_ticket_not_going_count":"","_tribe_tickets_list":"[]","_tribe_ticket_has_attendee_info_fields":false,"footnotes":"","_tec_slr_enabled":"","_tec_slr_layout":""},"class_list":["post-310","page","type-page","status-publish","hentry"],"yoast_head":"<!-- This site is optimized with the Yoast SEO plugin v27.3 - https:\/\/yoast.com\/product\/yoast-seo-wordpress\/ -->\n<title>Castillo de Santa B\u00e1rbara - MUSEA | Museos de Alicante<\/title>\n<meta name=\"robots\" content=\"index, follow, max-snippet:-1, max-image-preview:large, max-video-preview:-1\" \/>\n<link rel=\"canonical\" href=\"https:\/\/museosdealicante.com\/va\/santa-barbara-museo\/\" \/>\n<meta property=\"og:locale\" content=\"ca_ES\" \/>\n<meta property=\"og:type\" content=\"article\" \/>\n<meta property=\"og:title\" content=\"Castillo de Santa B\u00e1rbara - MUSEA | Museos de Alicante\" \/>\n<meta property=\"og:url\" content=\"https:\/\/museosdealicante.com\/va\/santa-barbara-museo\/\" \/>\n<meta property=\"og:site_name\" content=\"MUSEA | Museos de Alicante\" \/>\n<meta property=\"article:modified_time\" content=\"2022-06-01T05:29:58+00:00\" \/>\n<meta name=\"twitter:card\" content=\"summary_large_image\" \/>\n<meta name=\"twitter:label1\" content=\"Temps estimat de lectura\" \/>\n\t<meta name=\"twitter:data1\" content=\"5 minuts\" \/>\n<script type=\"application\/ld+json\" class=\"yoast-schema-graph\">{\"@context\":\"https:\\\/\\\/schema.org\",\"@graph\":[{\"@type\":\"WebPage\",\"@id\":\"https:\\\/\\\/museosdealicante.com\\\/santa-barbara-museo\\\/\",\"url\":\"https:\\\/\\\/museosdealicante.com\\\/santa-barbara-museo\\\/\",\"name\":\"Castillo de Santa B\u00e1rbara - MUSEA | Museos de Alicante\",\"isPartOf\":{\"@id\":\"https:\\\/\\\/museosdealicante.com\\\/#website\"},\"datePublished\":\"2022-05-01T18:47:20+00:00\",\"dateModified\":\"2022-06-01T05:29:58+00:00\",\"breadcrumb\":{\"@id\":\"https:\\\/\\\/museosdealicante.com\\\/santa-barbara-museo\\\/#breadcrumb\"},\"inLanguage\":\"ca\",\"potentialAction\":[{\"@type\":\"ReadAction\",\"target\":[\"https:\\\/\\\/museosdealicante.com\\\/santa-barbara-museo\\\/\"]}]},{\"@type\":\"BreadcrumbList\",\"@id\":\"https:\\\/\\\/museosdealicante.com\\\/santa-barbara-museo\\\/#breadcrumb\",\"itemListElement\":[{\"@type\":\"ListItem\",\"position\":1,\"name\":\"Portada\",\"item\":\"https:\\\/\\\/museosdealicante.com\\\/\"},{\"@type\":\"ListItem\",\"position\":2,\"name\":\"Castillo de Santa B\u00e1rbara\"}]},{\"@type\":\"WebSite\",\"@id\":\"https:\\\/\\\/museosdealicante.com\\\/#website\",\"url\":\"https:\\\/\\\/museosdealicante.com\\\/\",\"name\":\"MUSEA | Museos de Alicante\",\"description\":\"Toda la oferta sobre arte, cultura y patrimonio de la ciudad, toda la actualidad de los museos de Alicante\",\"potentialAction\":[{\"@type\":\"SearchAction\",\"target\":{\"@type\":\"EntryPoint\",\"urlTemplate\":\"https:\\\/\\\/museosdealicante.com\\\/?s={search_term_string}\"},\"query-input\":{\"@type\":\"PropertyValueSpecification\",\"valueRequired\":true,\"valueName\":\"search_term_string\"}}],\"inLanguage\":\"ca\"}]}<\/script>\n<!-- \/ Yoast SEO plugin. -->","yoast_head_json":{"title":"Castillo de Santa B\u00e1rbara - MUSEA | Museos de Alicante","robots":{"index":"index","follow":"follow","max-snippet":"max-snippet:-1","max-image-preview":"max-image-preview:large","max-video-preview":"max-video-preview:-1"},"canonical":"https:\/\/museosdealicante.com\/va\/santa-barbara-museo\/","og_locale":"ca_ES","og_type":"article","og_title":"Castillo de Santa B\u00e1rbara - MUSEA | Museos de Alicante","og_url":"https:\/\/museosdealicante.com\/va\/santa-barbara-museo\/","og_site_name":"MUSEA | Museos de Alicante","article_modified_time":"2022-06-01T05:29:58+00:00","twitter_card":"summary_large_image","twitter_misc":{"Temps estimat de lectura":"5 minuts"},"schema":{"@context":"https:\/\/schema.org","@graph":[{"@type":"WebPage","@id":"https:\/\/museosdealicante.com\/santa-barbara-museo\/","url":"https:\/\/museosdealicante.com\/santa-barbara-museo\/","name":"Castillo de Santa B\u00e1rbara - MUSEA | Museos de Alicante","isPartOf":{"@id":"https:\/\/museosdealicante.com\/#website"},"datePublished":"2022-05-01T18:47:20+00:00","dateModified":"2022-06-01T05:29:58+00:00","breadcrumb":{"@id":"https:\/\/museosdealicante.com\/santa-barbara-museo\/#breadcrumb"},"inLanguage":"ca","potentialAction":[{"@type":"ReadAction","target":["https:\/\/museosdealicante.com\/santa-barbara-museo\/"]}]},{"@type":"BreadcrumbList","@id":"https:\/\/museosdealicante.com\/santa-barbara-museo\/#breadcrumb","itemListElement":[{"@type":"ListItem","position":1,"name":"Portada","item":"https:\/\/museosdealicante.com\/"},{"@type":"ListItem","position":2,"name":"Castillo de Santa B\u00e1rbara"}]},{"@type":"WebSite","@id":"https:\/\/museosdealicante.com\/#website","url":"https:\/\/museosdealicante.com\/","name":"MUSEA | Museos de Alicante","description":"Toda la oferta sobre arte, cultura y patrimonio de la ciudad, toda la actualidad de los museos de Alicante","potentialAction":[{"@type":"SearchAction","target":{"@type":"EntryPoint","urlTemplate":"https:\/\/museosdealicante.com\/?s={search_term_string}"},"query-input":{"@type":"PropertyValueSpecification","valueRequired":true,"valueName":"search_term_string"}}],"inLanguage":"ca"}]}},"ticketed":false,"_links":{"self":[{"href":"https:\/\/museosdealicante.com\/va\/wp-json\/wp\/v2\/pages\/310","targetHints":{"allow":["GET"]}}],"collection":[{"href":"https:\/\/museosdealicante.com\/va\/wp-json\/wp\/v2\/pages"}],"about":[{"href":"https:\/\/museosdealicante.com\/va\/wp-json\/wp\/v2\/types\/page"}],"author":[{"embeddable":true,"href":"https:\/\/museosdealicante.com\/va\/wp-json\/wp\/v2\/users\/12"}],"replies":[{"embeddable":true,"href":"https:\/\/museosdealicante.com\/va\/wp-json\/wp\/v2\/comments?post=310"}],"version-history":[{"count":7,"href":"https:\/\/museosdealicante.com\/va\/wp-json\/wp\/v2\/pages\/310\/revisions"}],"predecessor-version":[{"id":515,"href":"https:\/\/museosdealicante.com\/va\/wp-json\/wp\/v2\/pages\/310\/revisions\/515"}],"wp:attachment":[{"href":"https:\/\/museosdealicante.com\/va\/wp-json\/wp\/v2\/media?parent=310"}],"curies":[{"name":"wp","href":"https:\/\/api.w.org\/{rel}","templated":true}]}}