{"id":314,"date":"2022-05-01T19:17:07","date_gmt":"2022-05-01T19:17:07","guid":{"rendered":"http:\/\/mda.marq.qwair.com\/?page_id=314"},"modified":"2024-01-22T11:46:10","modified_gmt":"2024-01-22T11:46:10","slug":"nueva-tabarca-museo","status":"publish","type":"page","link":"https:\/\/museosdealicante.com\/va\/nueva-tabarca-museo\/","title":{"rendered":"Museu Nova Tabarca"},"content":{"rendered":"<div data-vc-full-width=\"true\" data-vc-full-width-init=\"false\" data-vc-stretch-content=\"true\" data-vc-parallax=\"1.5\" class=\"vc_row wpb_row vc_row-fluid wpb_animate_when_almost_visible wpb_fadeIn fadeIn vc_custom_1651432625091 vc_row-has-fill vc_row-no-padding vc_row-o-equal-height vc_row-o-content-middle vc_row-flex vc_general vc_parallax vc_parallax-content-moving\"><div class=\"wpb_column vc_column_container vc_col-sm-12\"><div class=\"vc_column-inner vc_custom_1651153838978\"><div class=\"wpb_wrapper\">\n\t<div  class=\"wpb_single_image wpb_content_element vc_align_left  vc_custom_1651154244889\">\n\t\t\n\t\t<figure class=\"wpb_wrapper vc_figure\">\n\t\t\t<div class=\"vc_single_image-wrapper   vc_box_border_grey\"><img loading=\"lazy\" decoding=\"async\" width=\"658\" height=\"141\" src=\"https:\/\/museosdealicante.com\/wp-content\/uploads\/2022\/04\/ic-musea-slider-tr.png\" class=\"vc_single_image-img attachment-full\" alt=\"\" title=\"ic-musea-slider-tr\" srcset=\"https:\/\/museosdealicante.com\/wp-content\/uploads\/2022\/04\/ic-musea-slider-tr.png 658w, https:\/\/museosdealicante.com\/wp-content\/uploads\/2022\/04\/ic-musea-slider-tr-300x64.png 300w, https:\/\/museosdealicante.com\/wp-content\/uploads\/2022\/04\/ic-musea-slider-tr-260x56.png 260w, https:\/\/museosdealicante.com\/wp-content\/uploads\/2022\/04\/ic-musea-slider-tr-50x11.png 50w, https:\/\/museosdealicante.com\/wp-content\/uploads\/2022\/04\/ic-musea-slider-tr-150x32.png 150w\" sizes=\"auto, (max-width:767px) 480px, 658px\" \/><\/div>\n\t\t<\/figure>\n\t<\/div>\n<\/div><\/div><\/div><\/div><div class=\"vc_row-full-width vc_clearfix\"><\/div><div class=\"vc_row wpb_row vc_row-fluid\"><div class=\"wpb_column vc_column_container vc_col-sm-8\"><div class=\"vc_column-inner\"><div class=\"wpb_wrapper\">\n\t<div class=\"wpb_text_column wpb_content_element\" >\n\t\t<div class=\"wpb_wrapper\">\n\t\t\t<h1><span style=\"font-weight: 400;\">Museu Nova Tabarca<\/span><\/h1>\n<div>\n<p><b>Sala I o Sala d\u2019Audiovisual\u00a0<\/b><\/p>\n<p><span style=\"font-weight: 400;\">Acull la recepci\u00f3 de visitants, magatzem i oficines administratives, i tamb\u00e9 documentaci\u00f3 gr\u00e0fica\nretroil\u00b7luminada que mostra, a trav\u00e9s de fotografies antigues, la gent, els paisatges i els costums\nde l\u2019enclavament illenc. Tamb\u00e9, una vitrina amb el t\u00edtol \u201cUna illa en una vitrina\u201d, dedicada al\npatrimoni integral que acull Nova Tabarca, com tamb\u00e9 una mostra de materials arqueol\u00f2gics\nd\u2019\u00e8poca romana recuperats de les aig\u00fces de Tabarca. Finalment, es pot veure un audiovisual\namb tem\u00e0tica basada en les relacions de l\u2019home i la mar al llarg de la hist\u00f2ria, usant com a\nparadigma aquest petit espai insular.\u00a0<\/span><\/p>\n<p><b>Sala II o Sala d\u2019Exposici\u00f3\u00a0 <span style=\"color: #993366;\">&lt;&lt; CIERRE TEMPORAL POR REFORMA DE ESTA SALA&gt;&gt;<\/span><\/b><\/p>\n<p><span style=\"font-weight: 400;\">Alberga una mostra expositiva de car\u00e0cter did\u00e0ctic, sobre els notables aspectes patrimonials de\ncar\u00e0cter integral que t\u00e9 l\u2019illa, des de la seua geografia i geologia, fins a la bellesa i biodiversitat\nde les seues aig\u00fces, passant pel seu patrimoni etnogr\u00e0fic i el complex futur hist\u00f2ric que va donar\ncom a fruit la configuraci\u00f3 d\u2019un emblem\u00e0tic projecte civil i militar a l\u2019Espanya de la Il\u00b7lustraci\u00f3. En aquesta mateixa sala, se situa una naia elevada en la qual se situa un petit espai multifuncional\nper a pr\u00e0ctiques d\u2019escolars, xarrades, confer\u00e8ncies, etc. <\/span><\/p>\n<\/div>\n\n\t\t<\/div>\n\t<\/div>\n<div class=\"vc_btn3-container vc_btn3-inline\" ><a class=\"vc_general vc_btn3 vc_btn3-size-md vc_btn3-shape-rounded vc_btn3-style-modern vc_btn3-color-blue\" href=\"https:\/\/tabarca.site\/museo-nueva-tabarca\/\" title=\"\" target=\"_blank\">ACCEDEIX A LA WEB DEL MUSEU<\/a><\/div><\/div><\/div><\/div><div class=\"wpb_column vc_column_container vc_col-sm-4 vc_col-has-fill\"><div class=\"vc_column-inner vc_custom_1651044019480\"><div class=\"wpb_wrapper\"><div class=\"vc_empty_space\"   style=\"height: 32px\"><span class=\"vc_empty_space_inner\"><\/span><\/div>\n\t<div  class=\"wpb_single_image wpb_content_element vc_align_center  vc_custom_1651432112317\">\n\t\t\n\t\t<figure class=\"wpb_wrapper vc_figure\">\n\t\t\t<div class=\"vc_single_image-wrapper   vc_box_border_grey\"><img loading=\"lazy\" decoding=\"async\" width=\"300\" height=\"300\" src=\"https:\/\/museosdealicante.com\/wp-content\/uploads\/2022\/05\/TABARCA.png\" class=\"vc_single_image-img attachment-full\" alt=\"\" title=\"TABARCA+\" srcset=\"https:\/\/museosdealicante.com\/wp-content\/uploads\/2022\/05\/TABARCA.png 300w, https:\/\/museosdealicante.com\/wp-content\/uploads\/2022\/05\/TABARCA-150x150.png 150w, https:\/\/museosdealicante.com\/wp-content\/uploads\/2022\/05\/TABARCA-146x146.png 146w, https:\/\/museosdealicante.com\/wp-content\/uploads\/2022\/05\/TABARCA-50x50.png 50w, https:\/\/museosdealicante.com\/wp-content\/uploads\/2022\/05\/TABARCA-75x75.png 75w, https:\/\/museosdealicante.com\/wp-content\/uploads\/2022\/05\/TABARCA-85x85.png 85w, https:\/\/museosdealicante.com\/wp-content\/uploads\/2022\/05\/TABARCA-80x80.png 80w\" sizes=\"auto, (max-width:767px) 300px, 300px\" \/><\/div>\n\t\t<\/figure>\n\t<\/div>\n<div class=\"vc_separator wpb_content_element vc_separator_align_center vc_sep_width_100 vc_sep_pos_align_center vc_separator_no_text vc_sep_color_grey\" ><span class=\"vc_sep_holder vc_sep_holder_l\"><span  class=\"vc_sep_line\"><\/span><\/span><span class=\"vc_sep_holder vc_sep_holder_r\"><span  class=\"vc_sep_line\"><\/span><\/span>\n<\/div><div class=\"vc_tta-container\" data-vc-action=\"collapseAll\"><div class=\"vc_general vc_tta vc_tta-accordion vc_tta-color-grey vc_tta-style-modern vc_tta-shape-rounded vc_tta-spacing-1 vc_tta-controls-align-left vc_tta-o-all-clickable\"><div class=\"vc_tta-panels-container\"><div class=\"vc_tta-panels\"><div class=\"vc_tta-panel\" id=\"1645812543536-c9468f26-2cd4\" data-vc-content=\".vc_tta-panel-body\"><div class=\"vc_tta-panel-heading\"><h4 class=\"vc_tta-panel-title vc_tta-controls-icon-position-left\"><a href=\"#1645812543536-c9468f26-2cd4\" data-vc-accordion data-vc-container=\".vc_tta-container\"><span class=\"vc_tta-title-text\">Localitzaci\u00f3<\/span><i class=\"vc_tta-controls-icon vc_tta-controls-icon-triangle\"><\/i><\/a><\/h4><\/div><div class=\"vc_tta-panel-body\">\n\t<div class=\"wpb_text_column wpb_content_element\" >\n\t\t<div class=\"wpb_wrapper\">\n\t\t\t<p><iframe loading=\"lazy\" style=\"border: 0;\" src=\"https:\/\/www.google.com\/maps\/embed?pb=!1m14!1m8!1m3!1d12547.546148847576!2d-0.4786505!3d38.1660764!3m2!1i1024!2i768!4f13.1!3m3!1m2!1s0x0%3A0x9c5d8f3ff7d8bb78!2sMuseo%20Nueva%20Tabarca!5e0!3m2!1ses!2ses!4v1651432304902!5m2!1ses!2ses\" width=\"600\" height=\"450\" allowfullscreen=\"allowfullscreen\"><\/iframe><\/p>\n<p><strong>MUSEU NOVA TABARCA<\/strong><br \/>\nPartida de Tabarca, Illa, 9, 03138 Santa Pola, Alacant.<\/p>\n\n\t\t<\/div>\n\t<\/div>\n<\/div><\/div><div class=\"vc_tta-panel\" id=\"1645812685229-285f0fea-1870\" data-vc-content=\".vc_tta-panel-body\"><div class=\"vc_tta-panel-heading\"><h4 class=\"vc_tta-panel-title vc_tta-controls-icon-position-left\"><a href=\"#1645812685229-285f0fea-1870\" data-vc-accordion data-vc-container=\".vc_tta-container\"><span class=\"vc_tta-title-text\">Horari<\/span><i class=\"vc_tta-controls-icon vc_tta-controls-icon-triangle\"><\/i><\/a><\/h4><\/div><div class=\"vc_tta-panel-body\">\n\t<div class=\"wpb_text_column wpb_content_element\" >\n\t\t<div class=\"wpb_wrapper\">\n\t\t\t<p><span style=\"font-weight: 400;\">Dimecres a diumenge, els dos inclusivament, adaptat a l\u2019horari dels vaixells de l\u00ednia Santa Pola-Tabarca (als matins a partir de les 10:45h). A partir de les 11:30h., en horari estival (1 de juliol-15 setembre), adaptat a l\u2019horari dels vaixells de l\u00ednia Alacant Tabarca).\u00a0<\/span><\/p>\n<p><span style=\"font-weight: 400;\">Acc\u00e9s gratu\u00eft.\u00a0<\/span><\/p>\n<p><span style=\"font-weight: 400;\">Visites col\u00b7lectives: sol\u00b7licitud telef\u00f2nica pr\u00e8via; tamb\u00e9 per e-mail:\u00a0<\/span><\/p>\n<p><span style=\"font-weight: 400;\">conserjeria.museotabarca@alicante.es\u00a0<\/span><\/p>\n\n\t\t<\/div>\n\t<\/div>\n<\/div><\/div><div class=\"vc_tta-panel\" id=\"1645812543544-6c89ffee-eb30\" data-vc-content=\".vc_tta-panel-body\"><div class=\"vc_tta-panel-heading\"><h4 class=\"vc_tta-panel-title vc_tta-controls-icon-position-left\"><a href=\"#1645812543544-6c89ffee-eb30\" data-vc-accordion data-vc-container=\".vc_tta-container\"><span class=\"vc_tta-title-text\">Contacte<\/span><i class=\"vc_tta-controls-icon vc_tta-controls-icon-triangle\"><\/i><\/a><\/h4><\/div><div class=\"vc_tta-panel-body\">\n\t<div class=\"wpb_text_column wpb_content_element\" >\n\t\t<div class=\"wpb_wrapper\">\n\t\t\t<div class=\"field field-name-field-ubicacion-telefono field-type-text field-label-inline clearfix\">\n<div class=\"field-label\">\n<div>\n<p><span style=\"font-weight: 400;\">Contacte\u00a0<\/span><\/p>\n<p><b>Tel\u00e8fon: <\/b><span style=\"font-weight: 400;\">Regidoria de Medi Ambient: 965 148 111 \/ 965 148 112 <\/span><b>E-mail: <\/b><span style=\"font-weight: 400;\">museotabarca@alicante.es \/ conserjeria.museotabarca@alicante.es <\/span><b>Web: <\/b><span style=\"font-weight: 400;\">www.alicante.es\/es\/equipamientos\/museo-nueva-tabarca<\/span><\/p>\n<\/div>\n<\/div>\n<\/div>\n\n\t\t<\/div>\n\t<\/div>\n<\/div><\/div><\/div><\/div><\/div><\/div><\/div><\/div><\/div><\/div>","protected":false},"excerpt":{"rendered":"Museo Nueva Tabarca Sala I o Sala de Audiovisual\u00a0 Acoge la recepci\u00f3n de visitantes, almac\u00e9n y oficinas administrativas, as\u00ed como documentaci\u00f3n gr\u00e1fica retroiluminada que muestra a trav\u00e9s de fotograf\u00edas<span class=\"excerpt-hellip\"> [\u2026]<\/span>","protected":false},"author":11,"featured_media":0,"parent":0,"menu_order":0,"comment_status":"closed","ping_status":"closed","template":"","meta":{"_price":"","_stock":"","_tribe_ticket_header":"","_tribe_default_ticket_provider":"","_tribe_ticket_capacity":"0","_ticket_start_date":"","_ticket_end_date":"","_tribe_ticket_show_description":"","_tribe_ticket_show_not_going":false,"_tribe_ticket_use_global_stock":"","_tribe_ticket_global_stock_level":"","_global_stock_mode":"","_global_stock_cap":"","_tribe_rsvp_for_event":"","_tribe_ticket_going_count":"","_tribe_ticket_not_going_count":"","_tribe_tickets_list":"[]","_tribe_ticket_has_attendee_info_fields":false,"footnotes":"","_tec_slr_enabled":"","_tec_slr_layout":""},"class_list":["post-314","page","type-page","status-publish","hentry"],"yoast_head":"<!-- This site is optimized with the Yoast SEO plugin v27.3 - https:\/\/yoast.com\/product\/yoast-seo-wordpress\/ -->\n<title>Nueva Tabarca - MUSEA | Museos de Alicante<\/title>\n<meta name=\"robots\" content=\"index, follow, max-snippet:-1, max-image-preview:large, max-video-preview:-1\" \/>\n<link rel=\"canonical\" href=\"https:\/\/museosdealicante.com\/va\/nueva-tabarca-museo\/\" \/>\n<meta property=\"og:locale\" content=\"ca_ES\" \/>\n<meta property=\"og:type\" content=\"article\" \/>\n<meta property=\"og:title\" content=\"Nueva Tabarca - MUSEA | Museos de Alicante\" \/>\n<meta property=\"og:url\" content=\"https:\/\/museosdealicante.com\/va\/nueva-tabarca-museo\/\" \/>\n<meta property=\"og:site_name\" content=\"MUSEA | Museos de Alicante\" \/>\n<meta property=\"article:modified_time\" content=\"2024-01-22T11:46:10+00:00\" \/>\n<meta name=\"twitter:card\" content=\"summary_large_image\" \/>\n<meta name=\"twitter:label1\" content=\"Temps estimat de lectura\" \/>\n\t<meta name=\"twitter:data1\" content=\"3 minuts\" \/>\n<script type=\"application\/ld+json\" class=\"yoast-schema-graph\">{\"@context\":\"https:\\\/\\\/schema.org\",\"@graph\":[{\"@type\":\"WebPage\",\"@id\":\"https:\\\/\\\/museosdealicante.com\\\/nueva-tabarca-museo\\\/\",\"url\":\"https:\\\/\\\/museosdealicante.com\\\/nueva-tabarca-museo\\\/\",\"name\":\"Nueva Tabarca - MUSEA | Museos de Alicante\",\"isPartOf\":{\"@id\":\"https:\\\/\\\/museosdealicante.com\\\/#website\"},\"datePublished\":\"2022-05-01T19:17:07+00:00\",\"dateModified\":\"2024-01-22T11:46:10+00:00\",\"breadcrumb\":{\"@id\":\"https:\\\/\\\/museosdealicante.com\\\/nueva-tabarca-museo\\\/#breadcrumb\"},\"inLanguage\":\"ca\",\"potentialAction\":[{\"@type\":\"ReadAction\",\"target\":[\"https:\\\/\\\/museosdealicante.com\\\/nueva-tabarca-museo\\\/\"]}]},{\"@type\":\"BreadcrumbList\",\"@id\":\"https:\\\/\\\/museosdealicante.com\\\/nueva-tabarca-museo\\\/#breadcrumb\",\"itemListElement\":[{\"@type\":\"ListItem\",\"position\":1,\"name\":\"Portada\",\"item\":\"https:\\\/\\\/museosdealicante.com\\\/\"},{\"@type\":\"ListItem\",\"position\":2,\"name\":\"Nueva Tabarca\"}]},{\"@type\":\"WebSite\",\"@id\":\"https:\\\/\\\/museosdealicante.com\\\/#website\",\"url\":\"https:\\\/\\\/museosdealicante.com\\\/\",\"name\":\"MUSEA | Museos de Alicante\",\"description\":\"Toda la oferta sobre arte, cultura y patrimonio de la ciudad, toda la actualidad de los museos de Alicante\",\"potentialAction\":[{\"@type\":\"SearchAction\",\"target\":{\"@type\":\"EntryPoint\",\"urlTemplate\":\"https:\\\/\\\/museosdealicante.com\\\/?s={search_term_string}\"},\"query-input\":{\"@type\":\"PropertyValueSpecification\",\"valueRequired\":true,\"valueName\":\"search_term_string\"}}],\"inLanguage\":\"ca\"}]}<\/script>\n<!-- \/ Yoast SEO plugin. -->","yoast_head_json":{"title":"Nueva Tabarca - MUSEA | Museos de Alicante","robots":{"index":"index","follow":"follow","max-snippet":"max-snippet:-1","max-image-preview":"max-image-preview:large","max-video-preview":"max-video-preview:-1"},"canonical":"https:\/\/museosdealicante.com\/va\/nueva-tabarca-museo\/","og_locale":"ca_ES","og_type":"article","og_title":"Nueva Tabarca - MUSEA | Museos de Alicante","og_url":"https:\/\/museosdealicante.com\/va\/nueva-tabarca-museo\/","og_site_name":"MUSEA | Museos de Alicante","article_modified_time":"2024-01-22T11:46:10+00:00","twitter_card":"summary_large_image","twitter_misc":{"Temps estimat de lectura":"3 minuts"},"schema":{"@context":"https:\/\/schema.org","@graph":[{"@type":"WebPage","@id":"https:\/\/museosdealicante.com\/nueva-tabarca-museo\/","url":"https:\/\/museosdealicante.com\/nueva-tabarca-museo\/","name":"Nueva Tabarca - MUSEA | Museos de Alicante","isPartOf":{"@id":"https:\/\/museosdealicante.com\/#website"},"datePublished":"2022-05-01T19:17:07+00:00","dateModified":"2024-01-22T11:46:10+00:00","breadcrumb":{"@id":"https:\/\/museosdealicante.com\/nueva-tabarca-museo\/#breadcrumb"},"inLanguage":"ca","potentialAction":[{"@type":"ReadAction","target":["https:\/\/museosdealicante.com\/nueva-tabarca-museo\/"]}]},{"@type":"BreadcrumbList","@id":"https:\/\/museosdealicante.com\/nueva-tabarca-museo\/#breadcrumb","itemListElement":[{"@type":"ListItem","position":1,"name":"Portada","item":"https:\/\/museosdealicante.com\/"},{"@type":"ListItem","position":2,"name":"Nueva Tabarca"}]},{"@type":"WebSite","@id":"https:\/\/museosdealicante.com\/#website","url":"https:\/\/museosdealicante.com\/","name":"MUSEA | Museos de Alicante","description":"Toda la oferta sobre arte, cultura y patrimonio de la ciudad, toda la actualidad de los museos de Alicante","potentialAction":[{"@type":"SearchAction","target":{"@type":"EntryPoint","urlTemplate":"https:\/\/museosdealicante.com\/?s={search_term_string}"},"query-input":{"@type":"PropertyValueSpecification","valueRequired":true,"valueName":"search_term_string"}}],"inLanguage":"ca"}]}},"ticketed":false,"_links":{"self":[{"href":"https:\/\/museosdealicante.com\/va\/wp-json\/wp\/v2\/pages\/314","targetHints":{"allow":["GET"]}}],"collection":[{"href":"https:\/\/museosdealicante.com\/va\/wp-json\/wp\/v2\/pages"}],"about":[{"href":"https:\/\/museosdealicante.com\/va\/wp-json\/wp\/v2\/types\/page"}],"author":[{"embeddable":true,"href":"https:\/\/museosdealicante.com\/va\/wp-json\/wp\/v2\/users\/11"}],"replies":[{"embeddable":true,"href":"https:\/\/museosdealicante.com\/va\/wp-json\/wp\/v2\/comments?post=314"}],"version-history":[{"count":6,"href":"https:\/\/museosdealicante.com\/va\/wp-json\/wp\/v2\/pages\/314\/revisions"}],"predecessor-version":[{"id":2133,"href":"https:\/\/museosdealicante.com\/va\/wp-json\/wp\/v2\/pages\/314\/revisions\/2133"}],"wp:attachment":[{"href":"https:\/\/museosdealicante.com\/va\/wp-json\/wp\/v2\/media?parent=314"}],"curies":[{"name":"wp","href":"https:\/\/api.w.org\/{rel}","templated":true}]}}